{"id":100,"date":"2022-11-15T18:51:36","date_gmt":"2022-11-15T18:51:36","guid":{"rendered":"https:\/\/schnischnap.hhit.ch\/index.php\/produkt\/rumble59-barbershop-spezial-edition-mittel-lavendel\/"},"modified":"2022-11-15T19:18:36","modified_gmt":"2022-11-15T19:18:36","slug":"rumble59-barbershop-spezial-edition-mittel-lavendel","status":"publish","type":"product","link":"https:\/\/schnip-schnap.ch\/index.php\/produkt\/rumble59-barbershop-spezial-edition-mittel-lavendel\/","title":{"rendered":"Rumble59 &#8211; Barbershop &#8211; Spezial Edition &#8211; mittel &#8211; Lavendel"},"content":{"rendered":"<p>Diese harte Special Edition Schmiere entspringt dem neusten Streich des Schmiere-Rabens: Die Er\u00f6ffnung eines Barbershops direkt auf&#8217;m Kiez. Die drei gefiederten Gef\u00e4hrten Chester, Steve und Bob f\u00fchren das traditionsreiche Gesch\u00e4ft durch ihre fingerfertige Leidenschaft, die Basis f\u00fcr Beruf und Nebengewerbe ist. Chester ist der Kopf der Bande und h\u00e4lt die F\u00e4den in der Hand. Lass Dich fachgerecht ver<span class=\"text_exposed_show\">w\u00f6hnen in Chesters Barbershop, doch sei auf der Hut: Auch Du k\u00f6nntest bald Spielball in einem der Meisterstreiche des Trios werden.<br \/>\nErstklassiges 50er Jahre Styling mit der Barbershop Schmiere hart.<br \/>\nScheren sind Steve McScissors Leidenschaft, die er beim Obduktieren von Leichen entdeckte. Wo Andere ein Skalpell f\u00fcr Pr\u00e4zision ben\u00f6tigen, f\u00fchrt Steve Scheren in allen Formen und Gr\u00f6\u00dfen mit sicherer Hand. Nachdem er beim FBI wegen Drogenschmuggels durch F\u00e4lschen von Obduktionsberichten unehrenhaft entlassen wurde, steht er jetzt Chester the Brain mit seinem Hintergrundwissen als auch seiner Fingerfertigkeit zur Verf\u00fcgung. Kunden in Chesters Barbershop freuen sich \u00fcber die pr\u00e4zisen Haarschnitte &#8211; Das Ganoven-Duo Chester und Bob dagegen \u00fcber seine raffinierten und erfolgversprechenden Taktiken.<\/p>\n<p>Die Special Edition Barbershop Pomade hart von Schmiere gibt einen starken Halt, ist orangegelb und riecht lecker nach Marzipan. Eine kleine Prise &#8222;Italian Liquor&#8220; ist verantwortlich f\u00fcr diesen ganz eigenen Geruch. Die bedruckte Blechdose ist detailverliebt und beherbergt einen Inhalt von 140 ml. Nat\u00fcrlich ist auch diese Sorte von Schmiere &#8222;made in Germany&#8220;. Die Schmiere Pomade Barbershop hart ist einzeln, aber auch in einem fantastischen 3er Set erh\u00e4ltlich &#8211; zusammen mit einer coolen Rabenfigur als Wobbler.<\/p>\n<p>Tipps und Tricks:<br \/>\nDie &#8222;Schmiere &#8211; Pomade hart&#8220; eignet sich ideal, um auch widerspenstiges oder dickes Haar zu einer perfekten Tolle zu formen. Einmal auf das Haar aufgetragen, h\u00e4lt sie den ganzen Tag ohne durchzutrocknen und sorgt daf\u00fcr, dass das Haar sitzt und trotzdem flexibel bleibt. Anf\u00e4nger werden sich wahrscheinlich schwer tun, die Pomade in den Haaren zu verteilen. Bei festen Pomaden ist man als Anf\u00e4nger schnell frustriert, denn die z\u00e4he Masse klebt an den Fingern vergleichbar mit Kleister. Sie l\u00e4\u00dft sich so auch nur schwer im Haar verteilen.Tipp: Feste Pomade vorher mit einem F\u00f6n leicht anw\u00e4rmen. Zum Stylen nimmt man einen Finger voll Pomade (bei d\u00fcnnem Haar) oder zwei Finger voll (bei dickem, welligem Haar) und verteilt die Pomade so auf den Handfl\u00e4chen. Am Anfang gilt: Weniger ist mehr! Nachschmieren kann man immer noch.Jetzt streicht man mit den H\u00e4nden \u00fcber das Haar oder f\u00e4hrt mit den Fingern zwischen den Haaren durch. Zum Schluss, wenn die Pomade wieder fester wird, das Haar mit einem Kamm in die gew\u00fcnschte Form bringen.<\/p>\n<p>Die harte Schmiere Pomade der Special Edition Barbershop im \u00dcberblick:<\/p>\n<p>starken Halt<br \/>\nFarbe: orangegelb<br \/>\nDuft: Marzipan<br \/>\nMenge: 140 ml<br \/>\nComic-Faltblatt &#8222;How to use Schmiere&#8220;<\/span><\/p>\n","protected":false},"excerpt":{"rendered":"<p>Diese harte Special Edition Schmiere entspringt dem neusten Streich des Schmiere-Rabens: Die Er\u00f6ffnung eines Barbershops direkt auf&#8217;m Kiez. Die drei gefiederten Gef\u00e4hrten Chester, Steve und Bob f\u00fchren das traditionsreiche Gesch\u00e4ft durch ihre fingerfertige Leidenschaft, die Basis f\u00fcr Beruf und Nebengewerbe ist. Chester ist der Kopf der Bande und h\u00e4lt die F\u00e4den in der Hand. Lass [&hellip;]<\/p>\n","protected":false},"featured_media":212,"comment_status":"open","ping_status":"closed","template":"","meta":{"_et_pb_use_builder":"","_et_pb_old_content":"","_et_gb_content_width":""},"product_brand":[],"product_cat":[19,18,20,17],"product_tag":[],"class_list":{"0":"post-100","1":"product","2":"type-product","3":"status-publish","4":"has-post-thumbnail","6":"product_cat-mittel","7":"product_cat-pomade","8":"product_cat-rumble-59","9":"product_cat-unkategorisiert","11":"first","12":"instock","13":"shipping-taxable","14":"purchasable","15":"product-type-simple"},"_links":{"self":[{"href":"https:\/\/schnip-schnap.ch\/index.php\/wp-json\/wp\/v2\/product\/100","targetHints":{"allow":["GET"]}}],"collection":[{"href":"https:\/\/schnip-schnap.ch\/index.php\/wp-json\/wp\/v2\/product"}],"about":[{"href":"https:\/\/schnip-schnap.ch\/index.php\/wp-json\/wp\/v2\/types\/product"}],"replies":[{"embeddable":true,"href":"https:\/\/schnip-schnap.ch\/index.php\/wp-json\/wp\/v2\/comments?post=100"}],"wp:featuredmedia":[{"embeddable":true,"href":"https:\/\/schnip-schnap.ch\/index.php\/wp-json\/wp\/v2\/media\/212"}],"wp:attachment":[{"href":"https:\/\/schnip-schnap.ch\/index.php\/wp-json\/wp\/v2\/media?parent=100"}],"wp:term":[{"taxonomy":"product_brand","embeddable":true,"href":"https:\/\/schnip-schnap.ch\/index.php\/wp-json\/wp\/v2\/product_brand?post=100"},{"taxonomy":"product_cat","embeddable":true,"href":"https:\/\/schnip-schnap.ch\/index.php\/wp-json\/wp\/v2\/product_cat?post=100"},{"taxonomy":"product_tag","embeddable":true,"href":"https:\/\/schnip-schnap.ch\/index.php\/wp-json\/wp\/v2\/product_tag?post=100"}],"curies":[{"name":"wp","href":"https:\/\/api.w.org\/{rel}","templated":true}]}}