{"id":106,"date":"2022-11-15T18:51:38","date_gmt":"2022-11-15T18:51:38","guid":{"rendered":"https:\/\/schnischnap.hhit.ch\/index.php\/produkt\/rumble59-schmiere-special-edition-hart-poker\/"},"modified":"2022-11-15T19:05:08","modified_gmt":"2022-11-15T19:05:08","slug":"rumble59-schmiere-special-edition-hart-poker","status":"publish","type":"product","link":"https:\/\/schnip-schnap.ch\/index.php\/produkt\/rumble59-schmiere-special-edition-hart-poker\/","title":{"rendered":"Rumble59 &#8211; Schmiere &#8211; Special Edition &#8211; hart &#8211; Poker"},"content":{"rendered":"<p>Wir wussten schon immer, dass der Schmiere-Rabe mit allen Wassern gewaschen ist. Darum wundern die neuesten Enth\u00fcllungen wohl keinen von uns, denen zufolge vier Raben-Clans ganz NYC beherrschen: Die Throat Cutters, die Shamrock Gang, die Crazy Knifers und die Gnocci Familia haben nur ein Ziel vor Augen: Macht!<\/p>\n<h2>Erstklassiges 50er Jahre Styling mit der Poker Schmiere hart.<\/h2>\n<p>Mike &#8222;The Mechanic&#8220; war in der Bowery von Kindesbeinen an als Hei\u00dfsporn bekannt. Seine &#8222;mechanic skills&#8220;, die sich eher auf sein handwerkliches Geschick, schmutzige Deals und blutige Bar-Knuckle-Fights f\u00fcr sich zu entscheiden, bezogen als auf seine Schrauberf\u00e4higkeiten, erweckten schnell die Aufmerksamkeit der Gnocci Familia. Es dauerte nicht lange, bis er sich durch die Vielzahl gelungener Trickbetr\u00fcgereien und handfester Raufereien vom ehemaligen Soldier zum Capo hocharbeitete. Sein Name ist seither in ganz NYC bekannt und wem sein Leben lieb ist, wechselt vorsichtshalber die Stra\u00dfenseite, wenn er Mike von weitem heranschlendern sieht&#8230;<\/p>\n<p>Die Special Edition Poker Pomade hart von Schmiere gibt starken Halt, hat eine wei\u00dfliche Farbe und sorgt f\u00fcr einen klassisch-m\u00e4nnlichen Duft nach Holz, der nicht zu aufdringlich ist. Die im g\u00fcldenen Metallic-Look bedruckte Blechdose ist detailverliebt gestaltet und beherbergt einen Inhalt von 140 ml.<\/p>\n<p>&nbsp;<\/p>\n<p>Starker Halt<br \/>\nFarbe: wei\u00df<br \/>\nDuft: Holz, klassisch-m\u00e4nnlich<br \/>\nMenge: 140 ml<br \/>\nComic-Faltblatt &#8222;How to use Schmiere&#8220; enthalten<\/p>\n","protected":false},"excerpt":{"rendered":"<p>Wir wussten schon immer, dass der Schmiere-Rabe mit allen Wassern gewaschen ist. Darum wundern die neuesten Enth\u00fcllungen wohl keinen von uns, denen zufolge vier Raben-Clans ganz NYC beherrschen: Die Throat Cutters, die Shamrock Gang, die Crazy Knifers und die Gnocci Familia haben nur ein Ziel vor Augen: Macht! Erstklassiges 50er Jahre Styling mit der Poker [&hellip;]<\/p>\n","protected":false},"featured_media":203,"comment_status":"open","ping_status":"closed","template":"","meta":{"_et_pb_use_builder":"","_et_pb_old_content":"","_et_gb_content_width":""},"product_brand":[],"product_cat":[21,18,20],"product_tag":[],"class_list":{"0":"post-106","1":"product","2":"type-product","3":"status-publish","4":"has-post-thumbnail","6":"product_cat-hart","7":"product_cat-pomade","8":"product_cat-rumble-59","10":"first","11":"instock","12":"shipping-taxable","13":"purchasable","14":"product-type-simple"},"_links":{"self":[{"href":"https:\/\/schnip-schnap.ch\/index.php\/wp-json\/wp\/v2\/product\/106","targetHints":{"allow":["GET"]}}],"collection":[{"href":"https:\/\/schnip-schnap.ch\/index.php\/wp-json\/wp\/v2\/product"}],"about":[{"href":"https:\/\/schnip-schnap.ch\/index.php\/wp-json\/wp\/v2\/types\/product"}],"replies":[{"embeddable":true,"href":"https:\/\/schnip-schnap.ch\/index.php\/wp-json\/wp\/v2\/comments?post=106"}],"wp:featuredmedia":[{"embeddable":true,"href":"https:\/\/schnip-schnap.ch\/index.php\/wp-json\/wp\/v2\/media\/203"}],"wp:attachment":[{"href":"https:\/\/schnip-schnap.ch\/index.php\/wp-json\/wp\/v2\/media?parent=106"}],"wp:term":[{"taxonomy":"product_brand","embeddable":true,"href":"https:\/\/schnip-schnap.ch\/index.php\/wp-json\/wp\/v2\/product_brand?post=106"},{"taxonomy":"product_cat","embeddable":true,"href":"https:\/\/schnip-schnap.ch\/index.php\/wp-json\/wp\/v2\/product_cat?post=106"},{"taxonomy":"product_tag","embeddable":true,"href":"https:\/\/schnip-schnap.ch\/index.php\/wp-json\/wp\/v2\/product_tag?post=106"}],"curies":[{"name":"wp","href":"https:\/\/api.w.org\/{rel}","templated":true}]}}