{"id":112,"date":"2022-11-15T18:51:40","date_gmt":"2022-11-15T18:51:40","guid":{"rendered":"https:\/\/schnischnap.hhit.ch\/index.php\/produkt\/the-boss-3\/"},"modified":"2022-11-15T20:00:22","modified_gmt":"2022-11-15T20:00:22","slug":"the-boss-3","status":"publish","type":"product","link":"https:\/\/schnip-schnap.ch\/index.php\/produkt\/the-boss-3\/","title":{"rendered":"The Boss"},"content":{"rendered":"<p><strong>THE BOSS kr\u00e4ftigt und erfrischt alle Haartypen.<\/strong>\u00a0Perfekt geeignet f\u00fcr feines Haar, um ihm sichtbar mehr Volumen und F\u00fclle zu verleihen. Unser kr\u00e4ftigendes Shampoo mit Guarana-Extrakt und einem anregenden Duft von Begamotte und rosa Pfeffer f\u00fcr eine lebendige Frische. Fu\u0308r optimale Ergebnisse in Kombination mit THE BOOSTER Tonic anwenden.<\/p>\n<h2>ANWENDUNG<\/h2>\n<div class=\"steps\">\n<ul>\n<li><strong>Eine kleine<\/strong>\u00a0Menge auf die Kopfhaut und das Haar auftragen.<\/li>\n<li><strong>Einarbeiten<\/strong>\u00a0und aufemulgieren.<\/li>\n<li><strong>Sorgf\u00e4ltig<\/strong>\u00a0aussp\u00fclen<\/li>\n<\/ul>\n<\/div>\n","protected":false},"excerpt":{"rendered":"<p>THE BOSS kr\u00e4ftigt und erfrischt alle Haartypen.\u00a0Perfekt geeignet f\u00fcr feines Haar, um ihm sichtbar mehr Volumen und F\u00fclle zu verleihen. Unser kr\u00e4ftigendes Shampoo mit Guarana-Extrakt und einem anregenden Duft von Begamotte und rosa Pfeffer f\u00fcr eine lebendige Frische. Fu\u0308r optimale Ergebnisse in Kombination mit THE BOOSTER Tonic anwenden. ANWENDUNG Eine kleine\u00a0Menge auf die Kopfhaut und [&hellip;]<\/p>\n","protected":false},"featured_media":244,"comment_status":"open","ping_status":"closed","template":"","meta":{"_et_pb_use_builder":"","_et_pb_old_content":"","_et_gb_content_width":""},"product_brand":[],"product_cat":[30,31,23],"product_tag":[],"class_list":{"0":"post-112","1":"product","2":"type-product","3":"status-publish","4":"has-post-thumbnail","6":"product_cat-maenner","7":"product_cat-sebman","8":"product_cat-shampoo","10":"first","11":"instock","12":"shipping-taxable","13":"purchasable","14":"product-type-variable"},"_links":{"self":[{"href":"https:\/\/schnip-schnap.ch\/index.php\/wp-json\/wp\/v2\/product\/112","targetHints":{"allow":["GET"]}}],"collection":[{"href":"https:\/\/schnip-schnap.ch\/index.php\/wp-json\/wp\/v2\/product"}],"about":[{"href":"https:\/\/schnip-schnap.ch\/index.php\/wp-json\/wp\/v2\/types\/product"}],"replies":[{"embeddable":true,"href":"https:\/\/schnip-schnap.ch\/index.php\/wp-json\/wp\/v2\/comments?post=112"}],"wp:featuredmedia":[{"embeddable":true,"href":"https:\/\/schnip-schnap.ch\/index.php\/wp-json\/wp\/v2\/media\/244"}],"wp:attachment":[{"href":"https:\/\/schnip-schnap.ch\/index.php\/wp-json\/wp\/v2\/media?parent=112"}],"wp:term":[{"taxonomy":"product_brand","embeddable":true,"href":"https:\/\/schnip-schnap.ch\/index.php\/wp-json\/wp\/v2\/product_brand?post=112"},{"taxonomy":"product_cat","embeddable":true,"href":"https:\/\/schnip-schnap.ch\/index.php\/wp-json\/wp\/v2\/product_cat?post=112"},{"taxonomy":"product_tag","embeddable":true,"href":"https:\/\/schnip-schnap.ch\/index.php\/wp-json\/wp\/v2\/product_tag?post=112"}],"curies":[{"name":"wp","href":"https:\/\/api.w.org\/{rel}","templated":true}]}}