{"id":113,"date":"2022-11-15T18:51:40","date_gmt":"2022-11-15T18:51:40","guid":{"rendered":"https:\/\/schnischnap.hhit.ch\/index.php\/produkt\/the-purist\/"},"modified":"2023-01-18T13:27:42","modified_gmt":"2023-01-18T13:27:42","slug":"the-purist","status":"publish","type":"product","link":"https:\/\/schnip-schnap.ch\/index.php\/produkt\/the-purist\/","title":{"rendered":"The Purist"},"content":{"rendered":"<p><strong>Tiefenreinigendes Shampoo f\u00fcr Haar und Kopfhaut.<\/strong><br \/>\nDas enthaltene Zink sorgt f\u00fcr einen Anti-Schuppen-Effekt und lindert gereizte und juckende Kopfhaut*.<br \/>\nF\u00fcr trockene Kopfhaut und normales bis schnell fettendes Haar.<br \/>\nMit Guarana-Extrakt und einem anregenden Duft von Bergamotte und\u00a0 rosa Pfeffer f\u00fcr eine lebendige Frische.<\/p>\n<p>*aufgrund von Schuppen<\/p>\n<h2>ANWENDUNG<\/h2>\n<div class=\"steps\">\n<ul>\n<li><strong>MASSIERE<\/strong>\u00a0eine kleine Menge in das nasse Haar ein<\/li>\n<li><strong>SP\u00dcLE<\/strong>\u00a0das Haar gr\u00fcndlich aus<\/li>\n<\/ul>\n<\/div>\n","protected":false},"excerpt":{"rendered":"<p>Tiefenreinigendes Shampoo f\u00fcr Haar und Kopfhaut. Das enthaltene Zink sorgt f\u00fcr einen Anti-Schuppen-Effekt und lindert gereizte und juckende Kopfhaut*. F\u00fcr trockene Kopfhaut und normales bis schnell fettendes Haar. Mit Guarana-Extrakt und einem anregenden Duft von Bergamotte und\u00a0 rosa Pfeffer f\u00fcr eine lebendige Frische. *aufgrund von Schuppen ANWENDUNG MASSIERE\u00a0eine kleine Menge in das nasse Haar ein [&hellip;]<\/p>\n","protected":false},"featured_media":246,"comment_status":"open","ping_status":"closed","template":"","meta":{"_et_pb_use_builder":"","_et_pb_old_content":"","_et_gb_content_width":""},"product_brand":[],"product_cat":[31,23],"product_tag":[],"class_list":{"0":"post-113","1":"product","2":"type-product","3":"status-publish","4":"has-post-thumbnail","6":"product_cat-sebman","7":"product_cat-shampoo","9":"first","10":"instock","11":"shipping-taxable","12":"purchasable","13":"product-type-simple"},"_links":{"self":[{"href":"https:\/\/schnip-schnap.ch\/index.php\/wp-json\/wp\/v2\/product\/113","targetHints":{"allow":["GET"]}}],"collection":[{"href":"https:\/\/schnip-schnap.ch\/index.php\/wp-json\/wp\/v2\/product"}],"about":[{"href":"https:\/\/schnip-schnap.ch\/index.php\/wp-json\/wp\/v2\/types\/product"}],"replies":[{"embeddable":true,"href":"https:\/\/schnip-schnap.ch\/index.php\/wp-json\/wp\/v2\/comments?post=113"}],"wp:featuredmedia":[{"embeddable":true,"href":"https:\/\/schnip-schnap.ch\/index.php\/wp-json\/wp\/v2\/media\/246"}],"wp:attachment":[{"href":"https:\/\/schnip-schnap.ch\/index.php\/wp-json\/wp\/v2\/media?parent=113"}],"wp:term":[{"taxonomy":"product_brand","embeddable":true,"href":"https:\/\/schnip-schnap.ch\/index.php\/wp-json\/wp\/v2\/product_brand?post=113"},{"taxonomy":"product_cat","embeddable":true,"href":"https:\/\/schnip-schnap.ch\/index.php\/wp-json\/wp\/v2\/product_cat?post=113"},{"taxonomy":"product_tag","embeddable":true,"href":"https:\/\/schnip-schnap.ch\/index.php\/wp-json\/wp\/v2\/product_tag?post=113"}],"curies":[{"name":"wp","href":"https:\/\/api.w.org\/{rel}","templated":true}]}}