{"id":116,"date":"2022-11-15T18:51:41","date_gmt":"2022-11-15T18:51:41","guid":{"rendered":"https:\/\/schnischnap.hhit.ch\/index.php\/produkt\/the-cooler\/"},"modified":"2022-11-15T21:20:06","modified_gmt":"2022-11-15T21:20:06","slug":"the-cooler","status":"publish","type":"product","link":"https:\/\/schnip-schnap.ch\/index.php\/produkt\/the-cooler\/","title":{"rendered":"The Cooler"},"content":{"rendered":"<p><strong>Leave-in Tonic, das die Kopfhaut mit einem ku\u0308hlenden Effekt stimuliert.<\/strong>\u00a0Verleiht dem Haar Definition und ein dichteres Haargefu\u0308hl. Ideal, um das Haar fu\u0308r das Styling vorzubereiten. Mit Guarana-Extrakt und einem anregenden Duft von Bergamotte und rosa Pfeffer f\u00fcr eine lebendige Frische.<\/p>\n<p><span style=\"color: #333333; font-size: 26px;\">ANWENDUNG<\/span><\/p>\n<div class=\"texts\">\n<div class=\"steps\">\n<ul>\n<li><strong>VERTEILE<\/strong>\u00a0das Produkt gro\u00dfz\u00fcgig auf der Kopfhaut<\/li>\n<li><strong>MASSIERE<\/strong>\u00a0es sanft am Ansatz ein. Nicht aussp\u00fclen. F\u00fcr die t\u00e4gliche Anwendung geeignet.<\/li>\n<\/ul>\n<\/div>\n<\/div>\n","protected":false},"excerpt":{"rendered":"<p>Leave-in Tonic, das die Kopfhaut mit einem ku\u0308hlenden Effekt stimuliert.\u00a0Verleiht dem Haar Definition und ein dichteres Haargefu\u0308hl. Ideal, um das Haar fu\u0308r das Styling vorzubereiten. Mit Guarana-Extrakt und einem anregenden Duft von Bergamotte und rosa Pfeffer f\u00fcr eine lebendige Frische. ANWENDUNG VERTEILE\u00a0das Produkt gro\u00dfz\u00fcgig auf der Kopfhaut MASSIERE\u00a0es sanft am Ansatz ein. Nicht aussp\u00fclen. F\u00fcr [&hellip;]<\/p>\n","protected":false},"featured_media":254,"comment_status":"open","ping_status":"closed","template":"","meta":{"_et_pb_use_builder":"","_et_pb_old_content":"","_et_gb_content_width":""},"product_brand":[],"product_cat":[31],"product_tag":[],"class_list":{"0":"post-116","1":"product","2":"type-product","3":"status-publish","4":"has-post-thumbnail","6":"product_cat-sebman","8":"first","9":"instock","10":"shipping-taxable","11":"purchasable","12":"product-type-simple"},"_links":{"self":[{"href":"https:\/\/schnip-schnap.ch\/index.php\/wp-json\/wp\/v2\/product\/116","targetHints":{"allow":["GET"]}}],"collection":[{"href":"https:\/\/schnip-schnap.ch\/index.php\/wp-json\/wp\/v2\/product"}],"about":[{"href":"https:\/\/schnip-schnap.ch\/index.php\/wp-json\/wp\/v2\/types\/product"}],"replies":[{"embeddable":true,"href":"https:\/\/schnip-schnap.ch\/index.php\/wp-json\/wp\/v2\/comments?post=116"}],"wp:featuredmedia":[{"embeddable":true,"href":"https:\/\/schnip-schnap.ch\/index.php\/wp-json\/wp\/v2\/media\/254"}],"wp:attachment":[{"href":"https:\/\/schnip-schnap.ch\/index.php\/wp-json\/wp\/v2\/media?parent=116"}],"wp:term":[{"taxonomy":"product_brand","embeddable":true,"href":"https:\/\/schnip-schnap.ch\/index.php\/wp-json\/wp\/v2\/product_brand?post=116"},{"taxonomy":"product_cat","embeddable":true,"href":"https:\/\/schnip-schnap.ch\/index.php\/wp-json\/wp\/v2\/product_cat?post=116"},{"taxonomy":"product_tag","embeddable":true,"href":"https:\/\/schnip-schnap.ch\/index.php\/wp-json\/wp\/v2\/product_tag?post=116"}],"curies":[{"name":"wp","href":"https:\/\/api.w.org\/{rel}","templated":true}]}}