{"id":117,"date":"2022-11-15T18:51:43","date_gmt":"2022-11-15T18:51:43","guid":{"rendered":"https:\/\/schnischnap.hhit.ch\/index.php\/produkt\/the-booster\/"},"modified":"2022-11-15T20:13:12","modified_gmt":"2022-11-15T20:13:12","slug":"the-booster","status":"publish","type":"product","link":"https:\/\/schnip-schnap.ch\/index.php\/produkt\/the-booster\/","title":{"rendered":"The Booster"},"content":{"rendered":"<p><strong>Stimulierendes und verdichtendes Leave-in Tonic mit Koffein-Extrakt fu\u0308r volleres und deutlich kr\u00e4ftigeres Haar nach nur einer Anwendung.<\/strong>\u00a0Dieses Leave-in Tonic verleiht dem Haar Definition und Dichte und sorgt gefu\u0308hlt f\u00fcr bis zu 6.000 mehr Haare. Unser verdichtendes Tonic ist geeignet f\u00fcr alle Haartypen. Mit Guarana-Extrakt und einem anregenden Duft von Bergamotte und rosa Pfeffer fu\u0308r eine lebendige Frische. F\u00fcr die t\u00e4gliche Anwendung geeignet.<\/p>\n<h2>ANWENDUNG<\/h2>\n<div class=\"steps\">\n<ul>\n<li><strong>Gro\u00dfz\u00fcgig<\/strong>\u00a0auf die Kopfhaut auftragen. Bei Bedarf die D\u00fcse zum Abteilen der Haare und gleichm\u00e4\u00dfigen Auftragen nutzen.<\/li>\n<li><strong>Sanft<\/strong>\u00a0auf den Ansatz einmassieren.<\/li>\n<li><strong>Stylen<\/strong>\u00a0ohne Auswaschen.<\/li>\n<\/ul>\n<\/div>\n","protected":false},"excerpt":{"rendered":"<p>Stimulierendes und verdichtendes Leave-in Tonic mit Koffein-Extrakt fu\u0308r volleres und deutlich kr\u00e4ftigeres Haar nach nur einer Anwendung.\u00a0Dieses Leave-in Tonic verleiht dem Haar Definition und Dichte und sorgt gefu\u0308hlt f\u00fcr bis zu 6.000 mehr Haare. Unser verdichtendes Tonic ist geeignet f\u00fcr alle Haartypen. Mit Guarana-Extrakt und einem anregenden Duft von Bergamotte und rosa Pfeffer fu\u0308r eine [&hellip;]<\/p>\n","protected":false},"featured_media":255,"comment_status":"open","ping_status":"closed","template":"","meta":{"_et_pb_use_builder":"","_et_pb_old_content":"","_et_gb_content_width":""},"product_brand":[],"product_cat":[31],"product_tag":[],"class_list":{"0":"post-117","1":"product","2":"type-product","3":"status-publish","4":"has-post-thumbnail","6":"product_cat-sebman","8":"first","9":"instock","10":"shipping-taxable","11":"purchasable","12":"product-type-simple"},"_links":{"self":[{"href":"https:\/\/schnip-schnap.ch\/index.php\/wp-json\/wp\/v2\/product\/117","targetHints":{"allow":["GET"]}}],"collection":[{"href":"https:\/\/schnip-schnap.ch\/index.php\/wp-json\/wp\/v2\/product"}],"about":[{"href":"https:\/\/schnip-schnap.ch\/index.php\/wp-json\/wp\/v2\/types\/product"}],"replies":[{"embeddable":true,"href":"https:\/\/schnip-schnap.ch\/index.php\/wp-json\/wp\/v2\/comments?post=117"}],"wp:featuredmedia":[{"embeddable":true,"href":"https:\/\/schnip-schnap.ch\/index.php\/wp-json\/wp\/v2\/media\/255"}],"wp:attachment":[{"href":"https:\/\/schnip-schnap.ch\/index.php\/wp-json\/wp\/v2\/media?parent=117"}],"wp:term":[{"taxonomy":"product_brand","embeddable":true,"href":"https:\/\/schnip-schnap.ch\/index.php\/wp-json\/wp\/v2\/product_brand?post=117"},{"taxonomy":"product_cat","embeddable":true,"href":"https:\/\/schnip-schnap.ch\/index.php\/wp-json\/wp\/v2\/product_cat?post=117"},{"taxonomy":"product_tag","embeddable":true,"href":"https:\/\/schnip-schnap.ch\/index.php\/wp-json\/wp\/v2\/product_tag?post=117"}],"curies":[{"name":"wp","href":"https:\/\/api.w.org\/{rel}","templated":true}]}}