{"id":118,"date":"2022-11-15T18:51:43","date_gmt":"2022-11-15T18:51:43","guid":{"rendered":"https:\/\/schnischnap.hhit.ch\/index.php\/produkt\/the-joker\/"},"modified":"2022-11-15T21:19:35","modified_gmt":"2022-11-15T21:19:35","slug":"the-joker","status":"publish","type":"product","link":"https:\/\/schnip-schnap.ch\/index.php\/produkt\/the-joker\/","title":{"rendered":"The Joker"},"content":{"rendered":"<p><strong>3IN1 Dry Shampoo erfrischt das Haar, verleiht ihm Textur und l\u00e4sst es voller wirken.<\/strong>\u00a0Mit Koffein-Extrakt und einem anregenden Duft von Bergamotte, rosa Pfeffer und Sandelholz. Geeignet f\u00fcr alle Haartypen.<\/p>\n<h2>ANWENDUNG<\/h2>\n<div class=\"steps\">\n<ul>\n<li><strong>KR\u00c4FTIG<\/strong>\u00a0sch\u00fctteln<\/li>\n<li><strong>GLEICHM\u00c4\u00dfIG<\/strong>\u00a0auf den das trockene Haar spr\u00fchen<\/li>\n<li><strong>EINMASSIEREN<\/strong>\u00a0um mehr Textur und Volumen zu schaffen<\/li>\n<\/ul>\n<\/div>\n","protected":false},"excerpt":{"rendered":"<p>3IN1 Dry Shampoo erfrischt das Haar, verleiht ihm Textur und l\u00e4sst es voller wirken.\u00a0Mit Koffein-Extrakt und einem anregenden Duft von Bergamotte, rosa Pfeffer und Sandelholz. Geeignet f\u00fcr alle Haartypen. ANWENDUNG KR\u00c4FTIG\u00a0sch\u00fctteln GLEICHM\u00c4\u00dfIG\u00a0auf den das trockene Haar spr\u00fchen EINMASSIEREN\u00a0um mehr Textur und Volumen zu schaffen<\/p>\n","protected":false},"featured_media":257,"comment_status":"open","ping_status":"closed","template":"","meta":{"_et_pb_use_builder":"","_et_pb_old_content":"","_et_gb_content_width":""},"product_brand":[],"product_cat":[31],"product_tag":[],"class_list":{"0":"post-118","1":"product","2":"type-product","3":"status-publish","4":"has-post-thumbnail","6":"product_cat-sebman","8":"first","9":"instock","10":"shipping-taxable","11":"purchasable","12":"product-type-simple"},"_links":{"self":[{"href":"https:\/\/schnip-schnap.ch\/index.php\/wp-json\/wp\/v2\/product\/118","targetHints":{"allow":["GET"]}}],"collection":[{"href":"https:\/\/schnip-schnap.ch\/index.php\/wp-json\/wp\/v2\/product"}],"about":[{"href":"https:\/\/schnip-schnap.ch\/index.php\/wp-json\/wp\/v2\/types\/product"}],"replies":[{"embeddable":true,"href":"https:\/\/schnip-schnap.ch\/index.php\/wp-json\/wp\/v2\/comments?post=118"}],"wp:featuredmedia":[{"embeddable":true,"href":"https:\/\/schnip-schnap.ch\/index.php\/wp-json\/wp\/v2\/media\/257"}],"wp:attachment":[{"href":"https:\/\/schnip-schnap.ch\/index.php\/wp-json\/wp\/v2\/media?parent=118"}],"wp:term":[{"taxonomy":"product_brand","embeddable":true,"href":"https:\/\/schnip-schnap.ch\/index.php\/wp-json\/wp\/v2\/product_brand?post=118"},{"taxonomy":"product_cat","embeddable":true,"href":"https:\/\/schnip-schnap.ch\/index.php\/wp-json\/wp\/v2\/product_cat?post=118"},{"taxonomy":"product_tag","embeddable":true,"href":"https:\/\/schnip-schnap.ch\/index.php\/wp-json\/wp\/v2\/product_tag?post=118"}],"curies":[{"name":"wp","href":"https:\/\/api.w.org\/{rel}","templated":true}]}}