{"id":120,"date":"2022-11-15T18:51:44","date_gmt":"2022-11-15T18:51:44","guid":{"rendered":"https:\/\/schnischnap.hhit.ch\/index.php\/produkt\/the-dandy\/"},"modified":"2022-11-15T20:34:43","modified_gmt":"2022-11-15T20:34:43","slug":"the-dandy","status":"publish","type":"product","link":"https:\/\/schnip-schnap.ch\/index.php\/produkt\/the-dandy\/","title":{"rendered":"The Dandy"},"content":{"rendered":"<h1>Pomade mit leichtem Halt<\/h1>\n<p><strong>Pomade mit leichtem Halt, hinterl\u00e4sst ein gl\u00e4nzendes Finish<\/strong>.<br \/>\nMit Guarana-Extrakt und einem anregenden Duft von Bergamotte und rosa Pfeffer f\u00fcr eine lebendige Frische.<\/p>\n<h2>ANWENDUNG<\/h2>\n<div class=\"steps\">\n<ul>\n<li><strong>VERREIBE<\/strong>\u00a0das Produkt zwischen den H\u00e4nden<\/li>\n<li><strong>VERTEILE<\/strong>\u00a0es gleichm\u00e4\u00dfig und style dein Haar wie gew\u00fcnscht<\/li>\n<\/ul>\n<\/div>\n","protected":false},"excerpt":{"rendered":"<p>Pomade mit leichtem Halt Pomade mit leichtem Halt, hinterl\u00e4sst ein gl\u00e4nzendes Finish. Mit Guarana-Extrakt und einem anregenden Duft von Bergamotte und rosa Pfeffer f\u00fcr eine lebendige Frische. ANWENDUNG VERREIBE\u00a0das Produkt zwischen den H\u00e4nden VERTEILE\u00a0es gleichm\u00e4\u00dfig und style dein Haar wie gew\u00fcnscht<\/p>\n","protected":false},"featured_media":265,"comment_status":"open","ping_status":"closed","template":"","meta":{"_et_pb_use_builder":"","_et_pb_old_content":"","_et_gb_content_width":""},"product_brand":[],"product_cat":[33,31,17],"product_tag":[],"class_list":{"0":"post-120","1":"product","2":"type-product","3":"status-publish","4":"has-post-thumbnail","6":"product_cat-pomade-sebman","7":"product_cat-sebman","8":"product_cat-unkategorisiert","10":"first","11":"instock","12":"shipping-taxable","13":"purchasable","14":"product-type-simple"},"_links":{"self":[{"href":"https:\/\/schnip-schnap.ch\/index.php\/wp-json\/wp\/v2\/product\/120","targetHints":{"allow":["GET"]}}],"collection":[{"href":"https:\/\/schnip-schnap.ch\/index.php\/wp-json\/wp\/v2\/product"}],"about":[{"href":"https:\/\/schnip-schnap.ch\/index.php\/wp-json\/wp\/v2\/types\/product"}],"replies":[{"embeddable":true,"href":"https:\/\/schnip-schnap.ch\/index.php\/wp-json\/wp\/v2\/comments?post=120"}],"wp:featuredmedia":[{"embeddable":true,"href":"https:\/\/schnip-schnap.ch\/index.php\/wp-json\/wp\/v2\/media\/265"}],"wp:attachment":[{"href":"https:\/\/schnip-schnap.ch\/index.php\/wp-json\/wp\/v2\/media?parent=120"}],"wp:term":[{"taxonomy":"product_brand","embeddable":true,"href":"https:\/\/schnip-schnap.ch\/index.php\/wp-json\/wp\/v2\/product_brand?post=120"},{"taxonomy":"product_cat","embeddable":true,"href":"https:\/\/schnip-schnap.ch\/index.php\/wp-json\/wp\/v2\/product_cat?post=120"},{"taxonomy":"product_tag","embeddable":true,"href":"https:\/\/schnip-schnap.ch\/index.php\/wp-json\/wp\/v2\/product_tag?post=120"}],"curies":[{"name":"wp","href":"https:\/\/api.w.org\/{rel}","templated":true}]}}