{"id":129,"date":"2022-11-15T18:51:47","date_gmt":"2022-11-15T18:51:47","guid":{"rendered":"https:\/\/schnischnap.hhit.ch\/index.php\/produkt\/teknia-organic-balance-shampoo-1000ml\/"},"modified":"2022-11-29T18:21:10","modified_gmt":"2022-11-29T18:21:10","slug":"teknia-organic-balance-shampoo-1000ml","status":"publish","type":"product","link":"https:\/\/schnip-schnap.ch\/index.php\/produkt\/teknia-organic-balance-shampoo-1000ml\/","title":{"rendered":"TEKNIA Organic Balance Shampoo"},"content":{"rendered":"<p>Das Lakm\u00e9\u00a0<em><strong>TEKNIA Organic Balance Shampoo<\/strong><\/em>\u00a0ist ein sulfatfreies, feuchtigkeitsspendendes Shampoo zur t\u00e4glichen Anwendung f\u00fcr jeden Haartyp. Es reinigt sanft die Kopfhaut und befreit sie von Schmutzpartikeln. Die zu 93% aus biologischen Inhaltsstoffen bestehende Formel (Nat\u00fcrlichkeitsindex ISO 16128-Norm) ist mit mineralreichem Meerwasser aus der Bretagne angereichert. Es wirkt stark feuchtigkeitsspendend, sorgt f\u00fcr nat\u00fcrliches Gleichgewicht und verleiht dem Haar ein gesundes Aussehen. F\u00fcr ein seidiges, gl\u00e4nzendes und leichtes Haar. Das Lakm\u00e9 TEKNIA Organic Balance Shampoo bezaubert Ihren Geruchssinn durch sein spritziges Orangenaroma mit einem Hauch von \u00e4therischem Ingwer-\u00d6l. Zitrische Nuancen aus s\u00fc\u00dfen Orangen, Limetten und Pampelmusen werden durch eine holzige Basisnote aus Patschuli, Kiefer und Zypresse ausgeglichen. Vegane Formel.<\/p>\n<p>Anwendung des Lakm\u00e9 TEKNIA Organic Balance Shampoo:<br \/>\nAuf feuchtem Haar anwenden. Ins Haar einmassieren, bis es aufsch\u00e4umt. Aussp\u00fclen<\/p>\n","protected":false},"excerpt":{"rendered":"<p>Das Lakm\u00e9\u00a0TEKNIA Organic Balance Shampoo\u00a0ist ein sulfatfreies, feuchtigkeitsspendendes Shampoo zur t\u00e4glichen Anwendung f\u00fcr jeden Haartyp. Es reinigt sanft die Kopfhaut und befreit sie von Schmutzpartikeln. Die zu 93% aus biologischen Inhaltsstoffen bestehende Formel (Nat\u00fcrlichkeitsindex ISO 16128-Norm) ist mit mineralreichem Meerwasser aus der Bretagne angereichert. Es wirkt stark feuchtigkeitsspendend, sorgt f\u00fcr nat\u00fcrliches Gleichgewicht und verleiht dem [&hellip;]<\/p>\n","protected":false},"featured_media":288,"comment_status":"open","ping_status":"closed","template":"","meta":{"_et_pb_use_builder":"","_et_pb_old_content":"","_et_gb_content_width":""},"product_brand":[],"product_cat":[26,30,38,37],"product_tag":[],"class_list":{"0":"post-129","1":"product","2":"type-product","3":"status-publish","4":"has-post-thumbnail","6":"product_cat-frauen","7":"product_cat-maenner","8":"product_cat-shampoo-teknia","9":"product_cat-teknia","11":"first","12":"instock","13":"shipping-taxable","14":"purchasable","15":"product-type-variable"},"_links":{"self":[{"href":"https:\/\/schnip-schnap.ch\/index.php\/wp-json\/wp\/v2\/product\/129","targetHints":{"allow":["GET"]}}],"collection":[{"href":"https:\/\/schnip-schnap.ch\/index.php\/wp-json\/wp\/v2\/product"}],"about":[{"href":"https:\/\/schnip-schnap.ch\/index.php\/wp-json\/wp\/v2\/types\/product"}],"replies":[{"embeddable":true,"href":"https:\/\/schnip-schnap.ch\/index.php\/wp-json\/wp\/v2\/comments?post=129"}],"wp:featuredmedia":[{"embeddable":true,"href":"https:\/\/schnip-schnap.ch\/index.php\/wp-json\/wp\/v2\/media\/288"}],"wp:attachment":[{"href":"https:\/\/schnip-schnap.ch\/index.php\/wp-json\/wp\/v2\/media?parent=129"}],"wp:term":[{"taxonomy":"product_brand","embeddable":true,"href":"https:\/\/schnip-schnap.ch\/index.php\/wp-json\/wp\/v2\/product_brand?post=129"},{"taxonomy":"product_cat","embeddable":true,"href":"https:\/\/schnip-schnap.ch\/index.php\/wp-json\/wp\/v2\/product_cat?post=129"},{"taxonomy":"product_tag","embeddable":true,"href":"https:\/\/schnip-schnap.ch\/index.php\/wp-json\/wp\/v2\/product_tag?post=129"}],"curies":[{"name":"wp","href":"https:\/\/api.w.org\/{rel}","templated":true}]}}