{"id":133,"date":"2022-11-15T18:51:49","date_gmt":"2022-11-15T18:51:49","guid":{"rendered":"https:\/\/schnischnap.hhit.ch\/index.php\/produkt\/teknia-organic-balance-treatment-1000-ml\/"},"modified":"2023-02-09T13:42:22","modified_gmt":"2023-02-09T13:42:22","slug":"teknia-organic-balance-treatment-1000-ml","status":"publish","type":"product","link":"https:\/\/schnip-schnap.ch\/index.php\/produkt\/teknia-organic-balance-treatment-1000-ml\/","title":{"rendered":"TEKNIA Organic Balance Treatment"},"content":{"rendered":"<p>Das Lakm\u00e9\u00a0<em><strong>TEKNIA Organic Balance Treatment<\/strong><\/em>\u00a0ist eine hydratisierende Intensivbehandlung f\u00fcr jeden Haartyp. Die Intense-Hydra-Treatment-Formel beeindruckt durch die herausragende Fusion aus Meerwasser und organischem Kendi-\u00d6l, die die Haarfaser von der Wurzel bis in die Spitzen mit Feuchtigkeit und N\u00e4hrstoffen versorgt. Das Lakm\u00e9 TEKNIA Organic Balance Treatment setzt sich zu 95 % aus nat\u00fcrlichen Inhaltsstoffen zusammen (Nat\u00fcrlichkeitsindex ISO 16128-Norm). F\u00fcr gesunde Kopfhaut und geschmeidiges, mit nat\u00fcrlicher Elastizit\u00e4t fallendes, gl\u00e4nzendes Haar. Vegane Formel<\/p>\n<p><strong>Anwendung<\/strong>:<br \/>\nGleichm\u00e4\u00dfig im gewaschenen, handtuchtrockenen Haar anwenden. 5 Minuten einwirken lassen. Aussp\u00fclen.<\/p>\n","protected":false},"excerpt":{"rendered":"<p>Das Lakm\u00e9\u00a0TEKNIA Organic Balance Treatment\u00a0ist eine hydratisierende Intensivbehandlung f\u00fcr jeden Haartyp. Die Intense-Hydra-Treatment-Formel beeindruckt durch die herausragende Fusion aus Meerwasser und organischem Kendi-\u00d6l, die die Haarfaser von der Wurzel bis in die Spitzen mit Feuchtigkeit und N\u00e4hrstoffen versorgt. Das Lakm\u00e9 TEKNIA Organic Balance Treatment setzt sich zu 95 % aus nat\u00fcrlichen Inhaltsstoffen zusammen (Nat\u00fcrlichkeitsindex ISO [&hellip;]<\/p>\n","protected":false},"featured_media":532,"comment_status":"open","ping_status":"closed","template":"","meta":{"_et_pb_use_builder":"","_et_pb_old_content":"","_et_gb_content_width":""},"product_brand":[],"product_cat":[37],"product_tag":[],"class_list":{"0":"post-133","1":"product","2":"type-product","3":"status-publish","4":"has-post-thumbnail","6":"product_cat-teknia","8":"first","9":"instock","10":"shipping-taxable","11":"purchasable","12":"product-type-variable"},"_links":{"self":[{"href":"https:\/\/schnip-schnap.ch\/index.php\/wp-json\/wp\/v2\/product\/133","targetHints":{"allow":["GET"]}}],"collection":[{"href":"https:\/\/schnip-schnap.ch\/index.php\/wp-json\/wp\/v2\/product"}],"about":[{"href":"https:\/\/schnip-schnap.ch\/index.php\/wp-json\/wp\/v2\/types\/product"}],"replies":[{"embeddable":true,"href":"https:\/\/schnip-schnap.ch\/index.php\/wp-json\/wp\/v2\/comments?post=133"}],"wp:featuredmedia":[{"embeddable":true,"href":"https:\/\/schnip-schnap.ch\/index.php\/wp-json\/wp\/v2\/media\/532"}],"wp:attachment":[{"href":"https:\/\/schnip-schnap.ch\/index.php\/wp-json\/wp\/v2\/media?parent=133"}],"wp:term":[{"taxonomy":"product_brand","embeddable":true,"href":"https:\/\/schnip-schnap.ch\/index.php\/wp-json\/wp\/v2\/product_brand?post=133"},{"taxonomy":"product_cat","embeddable":true,"href":"https:\/\/schnip-schnap.ch\/index.php\/wp-json\/wp\/v2\/product_cat?post=133"},{"taxonomy":"product_tag","embeddable":true,"href":"https:\/\/schnip-schnap.ch\/index.php\/wp-json\/wp\/v2\/product_tag?post=133"}],"curies":[{"name":"wp","href":"https:\/\/api.w.org\/{rel}","templated":true}]}}