{"id":141,"date":"2022-11-15T18:51:52","date_gmt":"2022-11-15T18:51:52","guid":{"rendered":"https:\/\/schnischnap.hhit.ch\/index.php\/produkt\/teknia-frizz-control-shampoo-1000ml\/"},"modified":"2023-02-09T13:43:12","modified_gmt":"2023-02-09T13:43:12","slug":"teknia-frizz-control-shampoo-1000ml","status":"publish","type":"product","link":"https:\/\/schnip-schnap.ch\/index.php\/produkt\/teknia-frizz-control-shampoo-1000ml\/","title":{"rendered":"TEKNIA Frizz Control Shampoo"},"content":{"rendered":"<p>Das Lakm\u00e9\u00a0<em><strong>TEKNIA Frizz Control Shampoo<\/strong><\/em>\u00a0ist ein z\u00e4hmendes Shampoo f\u00fcr widerspenstiges Haar. Reinigt sanft und kontrolliert die Kr\u00e4uselbildung bei glattem und lockigem Haar. Natives organisches Chia-\u00d6l wirkt wie ein Schutzfilm und sorgt f\u00fcr eine intensivere Feuchtigkeitszufuhr. Das widerspenstige Haar entfaltet durch das Lakm\u00e9 TEKNIA Frizz Control Shampoo seine ganze Strahlkraft und wird wieder geschmeidig. Der Duft der Lotusblume im Einklang mit dem \u00e4therischen Ylang-Ylang-\u00d6l schlie\u00dft sich mit leicht floralen, saftigen Fruchtnoten zu einem entspannenden Duft zusammen, der f\u00fcr Wohlf\u00fchlmomente sorgt. Vegane Formel.<\/p>\n<p><strong>Anwendung<\/strong>:<br \/>\nAuf feuchtem Haar anwenden. Ins Haar einmassieren, bis es aufsch\u00e4umt. Aussp\u00fclen.<\/p>\n","protected":false},"excerpt":{"rendered":"<p>Das Lakm\u00e9\u00a0TEKNIA Frizz Control Shampoo\u00a0ist ein z\u00e4hmendes Shampoo f\u00fcr widerspenstiges Haar. Reinigt sanft und kontrolliert die Kr\u00e4uselbildung bei glattem und lockigem Haar. Natives organisches Chia-\u00d6l wirkt wie ein Schutzfilm und sorgt f\u00fcr eine intensivere Feuchtigkeitszufuhr. Das widerspenstige Haar entfaltet durch das Lakm\u00e9 TEKNIA Frizz Control Shampoo seine ganze Strahlkraft und wird wieder geschmeidig. Der Duft [&hellip;]<\/p>\n","protected":false},"featured_media":515,"comment_status":"open","ping_status":"closed","template":"","meta":{"_et_pb_use_builder":"","_et_pb_old_content":"","_et_gb_content_width":""},"product_brand":[],"product_cat":[38,37],"product_tag":[],"class_list":{"0":"post-141","1":"product","2":"type-product","3":"status-publish","4":"has-post-thumbnail","6":"product_cat-shampoo-teknia","7":"product_cat-teknia","9":"first","10":"instock","11":"shipping-taxable","12":"purchasable","13":"product-type-variable"},"_links":{"self":[{"href":"https:\/\/schnip-schnap.ch\/index.php\/wp-json\/wp\/v2\/product\/141","targetHints":{"allow":["GET"]}}],"collection":[{"href":"https:\/\/schnip-schnap.ch\/index.php\/wp-json\/wp\/v2\/product"}],"about":[{"href":"https:\/\/schnip-schnap.ch\/index.php\/wp-json\/wp\/v2\/types\/product"}],"replies":[{"embeddable":true,"href":"https:\/\/schnip-schnap.ch\/index.php\/wp-json\/wp\/v2\/comments?post=141"}],"wp:featuredmedia":[{"embeddable":true,"href":"https:\/\/schnip-schnap.ch\/index.php\/wp-json\/wp\/v2\/media\/515"}],"wp:attachment":[{"href":"https:\/\/schnip-schnap.ch\/index.php\/wp-json\/wp\/v2\/media?parent=141"}],"wp:term":[{"taxonomy":"product_brand","embeddable":true,"href":"https:\/\/schnip-schnap.ch\/index.php\/wp-json\/wp\/v2\/product_brand?post=141"},{"taxonomy":"product_cat","embeddable":true,"href":"https:\/\/schnip-schnap.ch\/index.php\/wp-json\/wp\/v2\/product_cat?post=141"},{"taxonomy":"product_tag","embeddable":true,"href":"https:\/\/schnip-schnap.ch\/index.php\/wp-json\/wp\/v2\/product_tag?post=141"}],"curies":[{"name":"wp","href":"https:\/\/api.w.org\/{rel}","templated":true}]}}