{"id":146,"date":"2022-11-15T18:51:54","date_gmt":"2022-11-15T18:51:54","guid":{"rendered":"https:\/\/schnischnap.hhit.ch\/index.php\/produkt\/teknia-frizz-control-cream-150ml\/"},"modified":"2023-02-09T13:11:24","modified_gmt":"2023-02-09T13:11:24","slug":"teknia-frizz-control-cream-150ml","status":"publish","type":"product","link":"https:\/\/schnip-schnap.ch\/index.php\/produkt\/teknia-frizz-control-cream-150ml\/","title":{"rendered":"TEKNIA Frizz Control Cream"},"content":{"rendered":"<p>Die Lakm\u00e9\u00a0<em><strong>TEKNIA Frizz Control Cream<\/strong><\/em>\u00a0aktiviert und definiert elastische, leichte und nat\u00fcrliche Locken und sch\u00fctzt vor Kr\u00e4uselbildung. Mit nativem Chia-\u00d6l und hochkonzentrierten Hyalurons\u00e4uren, die f\u00fcr eine erh\u00f6hte Feuchtigkeitszufuhr sorgen und eine Barrierewirkung an der Faser entfalten. Das Haar wird definiert, weich und entfaltet seine optimale Strahlkraft.<\/p>\n<p><em><strong>150ml<\/strong><\/em><\/p>\n<p><strong>Anwendung:<\/strong><br \/>\nGleichm\u00e4\u00dfig im feuchten Haar verteilen. Nicht aussp\u00fclen<\/p>\n","protected":false},"excerpt":{"rendered":"<p>Die Lakm\u00e9\u00a0TEKNIA Frizz Control Cream\u00a0aktiviert und definiert elastische, leichte und nat\u00fcrliche Locken und sch\u00fctzt vor Kr\u00e4uselbildung. Mit nativem Chia-\u00d6l und hochkonzentrierten Hyalurons\u00e4uren, die f\u00fcr eine erh\u00f6hte Feuchtigkeitszufuhr sorgen und eine Barrierewirkung an der Faser entfalten. Das Haar wird definiert, weich und entfaltet seine optimale Strahlkraft. 150ml Anwendung: Gleichm\u00e4\u00dfig im feuchten Haar verteilen. Nicht aussp\u00fclen<\/p>\n","protected":false},"featured_media":501,"comment_status":"open","ping_status":"closed","template":"","meta":{"_et_pb_use_builder":"","_et_pb_old_content":"","_et_gb_content_width":""},"product_brand":[],"product_cat":[37],"product_tag":[],"class_list":{"0":"post-146","1":"product","2":"type-product","3":"status-publish","4":"has-post-thumbnail","6":"product_cat-teknia","8":"first","9":"instock","10":"shipping-taxable","11":"purchasable","12":"product-type-simple"},"_links":{"self":[{"href":"https:\/\/schnip-schnap.ch\/index.php\/wp-json\/wp\/v2\/product\/146","targetHints":{"allow":["GET"]}}],"collection":[{"href":"https:\/\/schnip-schnap.ch\/index.php\/wp-json\/wp\/v2\/product"}],"about":[{"href":"https:\/\/schnip-schnap.ch\/index.php\/wp-json\/wp\/v2\/types\/product"}],"replies":[{"embeddable":true,"href":"https:\/\/schnip-schnap.ch\/index.php\/wp-json\/wp\/v2\/comments?post=146"}],"wp:featuredmedia":[{"embeddable":true,"href":"https:\/\/schnip-schnap.ch\/index.php\/wp-json\/wp\/v2\/media\/501"}],"wp:attachment":[{"href":"https:\/\/schnip-schnap.ch\/index.php\/wp-json\/wp\/v2\/media?parent=146"}],"wp:term":[{"taxonomy":"product_brand","embeddable":true,"href":"https:\/\/schnip-schnap.ch\/index.php\/wp-json\/wp\/v2\/product_brand?post=146"},{"taxonomy":"product_cat","embeddable":true,"href":"https:\/\/schnip-schnap.ch\/index.php\/wp-json\/wp\/v2\/product_cat?post=146"},{"taxonomy":"product_tag","embeddable":true,"href":"https:\/\/schnip-schnap.ch\/index.php\/wp-json\/wp\/v2\/product_tag?post=146"}],"curies":[{"name":"wp","href":"https:\/\/api.w.org\/{rel}","templated":true}]}}