{"id":151,"date":"2022-11-15T18:51:58","date_gmt":"2022-11-15T18:51:58","guid":{"rendered":"https:\/\/schnischnap.hhit.ch\/index.php\/produkt\/teknia-body-maker-mist-300ml\/"},"modified":"2023-02-09T13:03:26","modified_gmt":"2023-02-09T13:03:26","slug":"teknia-body-maker-mist-300ml","status":"publish","type":"product","link":"https:\/\/schnip-schnap.ch\/index.php\/produkt\/teknia-body-maker-mist-300ml\/","title":{"rendered":"TEKNIA Body Maker Mist"},"content":{"rendered":"<div id=\"productDescription\" class=\"product-details__product-description\">\n<div>\n<p>LAKME\u00a0<em><strong>TEKNIA Body Maker Mist<\/strong><\/em>\u00a0ist ein Volumen-Spray f\u00fcr feines Haar, kraftloses Haar. Das Spray spendet feinem Haar viel Feuchtigkeit, Geschmeidigkeit und leichten Halt. Die Hauptwirkstoffe sind vegane Mikroproteine, eine Kombination aus organischem Soja und Reis, die tief ins innere des Haares eindringen und dieses aufbauen und elastischer machen. Das Haar wird gegen Haarbruch gesch\u00fctzt und die K\u00e4mmbarkeit wird deutlich verbessert, was wiederum das Styling der Haare erleichtert. Body Maker Balm duftet nach Wildkr\u00e4utern und frischen Citrusfr\u00fcchten, leicht moschusartig.<\/p>\n<p><strong><em>300ml<\/em><\/strong><\/p>\n<\/div>\n<\/div>\n<p>Anwendung<br \/>\nAuf das gewaschene, handtuchtrockene Haar aufspr\u00fchen<br \/>\nGleichm\u00e4\u00dfig vom Ansatz in die Spitzen verteilen<br \/>\nNICHT aussp\u00fclen<\/p>\n","protected":false},"excerpt":{"rendered":"<p>LAKME\u00a0TEKNIA Body Maker Mist\u00a0ist ein Volumen-Spray f\u00fcr feines Haar, kraftloses Haar. Das Spray spendet feinem Haar viel Feuchtigkeit, Geschmeidigkeit und leichten Halt. Die Hauptwirkstoffe sind vegane Mikroproteine, eine Kombination aus organischem Soja und Reis, die tief ins innere des Haares eindringen und dieses aufbauen und elastischer machen. Das Haar wird gegen Haarbruch gesch\u00fctzt und die [&hellip;]<\/p>\n","protected":false},"featured_media":491,"comment_status":"open","ping_status":"closed","template":"","meta":{"_et_pb_use_builder":"","_et_pb_old_content":"","_et_gb_content_width":""},"product_brand":[],"product_cat":[37],"product_tag":[],"class_list":{"0":"post-151","1":"product","2":"type-product","3":"status-publish","4":"has-post-thumbnail","6":"product_cat-teknia","8":"first","9":"instock","10":"shipping-taxable","11":"purchasable","12":"product-type-simple"},"_links":{"self":[{"href":"https:\/\/schnip-schnap.ch\/index.php\/wp-json\/wp\/v2\/product\/151","targetHints":{"allow":["GET"]}}],"collection":[{"href":"https:\/\/schnip-schnap.ch\/index.php\/wp-json\/wp\/v2\/product"}],"about":[{"href":"https:\/\/schnip-schnap.ch\/index.php\/wp-json\/wp\/v2\/types\/product"}],"replies":[{"embeddable":true,"href":"https:\/\/schnip-schnap.ch\/index.php\/wp-json\/wp\/v2\/comments?post=151"}],"wp:featuredmedia":[{"embeddable":true,"href":"https:\/\/schnip-schnap.ch\/index.php\/wp-json\/wp\/v2\/media\/491"}],"wp:attachment":[{"href":"https:\/\/schnip-schnap.ch\/index.php\/wp-json\/wp\/v2\/media?parent=151"}],"wp:term":[{"taxonomy":"product_brand","embeddable":true,"href":"https:\/\/schnip-schnap.ch\/index.php\/wp-json\/wp\/v2\/product_brand?post=151"},{"taxonomy":"product_cat","embeddable":true,"href":"https:\/\/schnip-schnap.ch\/index.php\/wp-json\/wp\/v2\/product_cat?post=151"},{"taxonomy":"product_tag","embeddable":true,"href":"https:\/\/schnip-schnap.ch\/index.php\/wp-json\/wp\/v2\/product_tag?post=151"}],"curies":[{"name":"wp","href":"https:\/\/api.w.org\/{rel}","templated":true}]}}