{"id":152,"date":"2022-11-15T18:51:58","date_gmt":"2022-11-15T18:51:58","guid":{"rendered":"https:\/\/schnischnap.hhit.ch\/index.php\/produkt\/teknia-deep-care-shampoo-300ml\/"},"modified":"2023-02-09T12:58:35","modified_gmt":"2023-02-09T12:58:35","slug":"teknia-deep-care-shampoo-300ml","status":"publish","type":"product","link":"https:\/\/schnip-schnap.ch\/index.php\/produkt\/teknia-deep-care-shampoo-300ml\/","title":{"rendered":"TEKNIA Deep Care Shampoo"},"content":{"rendered":"<p>Das Lakm\u00e9\u00a0<em><strong>TEKNIA Deep Care Shampoo<\/strong><\/em>\u00a0ist ein Aufbau-Shampoo f\u00fcr strukturgesch\u00e4digtes, kraftloses, stumpf wirkendes, br\u00fcchiges und sehr trockenes Haar. Es repariert und versorgt das Haar tiefenwirksam mit N\u00e4hrstoffen. Sein Hauptwirkstoff, FiberHance, ein nat\u00fcrliches Derivat aus Maissamen, repariert das Haar von innen, indem es die inneren Br\u00fcckenbindungen des Haares wieder aufbaut. Das Haar wird formbarer, geschmeidiger, flexibler und bruchfester. Der Duft von wildem Lavendel und Rose verbunden mit \u00e4therischem Geranien-\u00d6l gibt Ihnen ein Frischegef\u00fchl. Vegane Formel.<\/p>\n<p>Anwendung Lakm\u00e9 TEKNIA Deep Care Shampoo<br \/>\nAuf feuchtem Haar anwenden. Ins Haar einmassieren, bis es aufsch\u00e4umt. Aussp\u00fclen.<\/p>\n","protected":false},"excerpt":{"rendered":"<p>Das Lakm\u00e9\u00a0TEKNIA Deep Care Shampoo\u00a0ist ein Aufbau-Shampoo f\u00fcr strukturgesch\u00e4digtes, kraftloses, stumpf wirkendes, br\u00fcchiges und sehr trockenes Haar. Es repariert und versorgt das Haar tiefenwirksam mit N\u00e4hrstoffen. Sein Hauptwirkstoff, FiberHance, ein nat\u00fcrliches Derivat aus Maissamen, repariert das Haar von innen, indem es die inneren Br\u00fcckenbindungen des Haares wieder aufbaut. Das Haar wird formbarer, geschmeidiger, flexibler und [&hellip;]<\/p>\n","protected":false},"featured_media":490,"comment_status":"open","ping_status":"closed","template":"","meta":{"_et_pb_use_builder":"","_et_pb_old_content":"","_et_gb_content_width":""},"product_brand":[],"product_cat":[38,37],"product_tag":[],"class_list":{"0":"post-152","1":"product","2":"type-product","3":"status-publish","4":"has-post-thumbnail","6":"product_cat-shampoo-teknia","7":"product_cat-teknia","9":"first","10":"instock","11":"shipping-taxable","12":"purchasable","13":"product-type-variable"},"_links":{"self":[{"href":"https:\/\/schnip-schnap.ch\/index.php\/wp-json\/wp\/v2\/product\/152","targetHints":{"allow":["GET"]}}],"collection":[{"href":"https:\/\/schnip-schnap.ch\/index.php\/wp-json\/wp\/v2\/product"}],"about":[{"href":"https:\/\/schnip-schnap.ch\/index.php\/wp-json\/wp\/v2\/types\/product"}],"replies":[{"embeddable":true,"href":"https:\/\/schnip-schnap.ch\/index.php\/wp-json\/wp\/v2\/comments?post=152"}],"wp:featuredmedia":[{"embeddable":true,"href":"https:\/\/schnip-schnap.ch\/index.php\/wp-json\/wp\/v2\/media\/490"}],"wp:attachment":[{"href":"https:\/\/schnip-schnap.ch\/index.php\/wp-json\/wp\/v2\/media?parent=152"}],"wp:term":[{"taxonomy":"product_brand","embeddable":true,"href":"https:\/\/schnip-schnap.ch\/index.php\/wp-json\/wp\/v2\/product_brand?post=152"},{"taxonomy":"product_cat","embeddable":true,"href":"https:\/\/schnip-schnap.ch\/index.php\/wp-json\/wp\/v2\/product_cat?post=152"},{"taxonomy":"product_tag","embeddable":true,"href":"https:\/\/schnip-schnap.ch\/index.php\/wp-json\/wp\/v2\/product_tag?post=152"}],"curies":[{"name":"wp","href":"https:\/\/api.w.org\/{rel}","templated":true}]}}