{"id":154,"date":"2022-11-15T18:51:59","date_gmt":"2022-11-15T18:51:59","guid":{"rendered":"https:\/\/schnischnap.hhit.ch\/index.php\/produkt\/teknia-deep-care-conditioner-300ml\/"},"modified":"2023-02-09T12:52:13","modified_gmt":"2023-02-09T12:52:13","slug":"teknia-deep-care-conditioner-300ml","status":"publish","type":"product","link":"https:\/\/schnip-schnap.ch\/index.php\/produkt\/teknia-deep-care-conditioner-300ml\/","title":{"rendered":"TEKNIA Deep Care Conditioner"},"content":{"rendered":"<p>Der Lakm\u00e9\u00a0<em><strong>TEKNIA Deep Care Conditioner<\/strong><\/em>\u00a0ist ein leichter Conditioner f\u00fcr strukturgesch\u00e4digtes, kraftloses, stumpf wirkendes, br\u00fcchiges und sehr trockenes Haar. Er repariert das Haar tiefenwirksam, erh\u00f6ht sofort die K\u00e4mmbarkeit und verbessert die Bruchfestigkeit. Sein Hauptwirkstoff, FiberHance, ein nat\u00fcrliches Derivat aus Maissamen, repariert das Haar von innen, indem es die inneren Br\u00fcckenbindungen des Haares wieder aufbaut. Das zu 100% pflanzliche Abissinian-\u00d6l umh\u00fcllt das Haar mit seinen stark n\u00e4hrenden Eigenschaften und sorgt f\u00fcr Elastizit\u00e4t und Glanz. Ihr Haar wird wieder geschmeidig, formbar, flexibel und bruchfest.<\/p>\n<p>Anwendung Lakm\u00e9 TEKNIA Deep Care Conditioner<br \/>\nGleichm\u00e4\u00dfig im feuchten Haar verteilen. 2 Minuten einwirken lassen. Aussp\u00fclen.<\/p>\n","protected":false},"excerpt":{"rendered":"<p>Der Lakm\u00e9\u00a0TEKNIA Deep Care Conditioner\u00a0ist ein leichter Conditioner f\u00fcr strukturgesch\u00e4digtes, kraftloses, stumpf wirkendes, br\u00fcchiges und sehr trockenes Haar. Er repariert das Haar tiefenwirksam, erh\u00f6ht sofort die K\u00e4mmbarkeit und verbessert die Bruchfestigkeit. Sein Hauptwirkstoff, FiberHance, ein nat\u00fcrliches Derivat aus Maissamen, repariert das Haar von innen, indem es die inneren Br\u00fcckenbindungen des Haares wieder aufbaut. Das zu [&hellip;]<\/p>\n","protected":false},"featured_media":486,"comment_status":"open","ping_status":"closed","template":"","meta":{"_et_pb_use_builder":"","_et_pb_old_content":"","_et_gb_content_width":""},"product_brand":[],"product_cat":[37],"product_tag":[],"class_list":{"0":"post-154","1":"product","2":"type-product","3":"status-publish","4":"has-post-thumbnail","6":"product_cat-teknia","8":"first","9":"instock","10":"shipping-taxable","11":"purchasable","12":"product-type-variable"},"_links":{"self":[{"href":"https:\/\/schnip-schnap.ch\/index.php\/wp-json\/wp\/v2\/product\/154","targetHints":{"allow":["GET"]}}],"collection":[{"href":"https:\/\/schnip-schnap.ch\/index.php\/wp-json\/wp\/v2\/product"}],"about":[{"href":"https:\/\/schnip-schnap.ch\/index.php\/wp-json\/wp\/v2\/types\/product"}],"replies":[{"embeddable":true,"href":"https:\/\/schnip-schnap.ch\/index.php\/wp-json\/wp\/v2\/comments?post=154"}],"wp:featuredmedia":[{"embeddable":true,"href":"https:\/\/schnip-schnap.ch\/index.php\/wp-json\/wp\/v2\/media\/486"}],"wp:attachment":[{"href":"https:\/\/schnip-schnap.ch\/index.php\/wp-json\/wp\/v2\/media?parent=154"}],"wp:term":[{"taxonomy":"product_brand","embeddable":true,"href":"https:\/\/schnip-schnap.ch\/index.php\/wp-json\/wp\/v2\/product_brand?post=154"},{"taxonomy":"product_cat","embeddable":true,"href":"https:\/\/schnip-schnap.ch\/index.php\/wp-json\/wp\/v2\/product_cat?post=154"},{"taxonomy":"product_tag","embeddable":true,"href":"https:\/\/schnip-schnap.ch\/index.php\/wp-json\/wp\/v2\/product_tag?post=154"}],"curies":[{"name":"wp","href":"https:\/\/api.w.org\/{rel}","templated":true}]}}