{"id":169,"date":"2022-11-15T18:52:07","date_gmt":"2022-11-15T18:52:07","guid":{"rendered":"https:\/\/schnischnap.hhit.ch\/index.php\/produkt\/teknia-white-silver-maske-1000ml\/"},"modified":"2023-01-18T13:53:27","modified_gmt":"2023-01-18T13:53:27","slug":"teknia-white-silver-maske-1000ml","status":"publish","type":"product","link":"https:\/\/schnip-schnap.ch\/index.php\/produkt\/teknia-white-silver-maske-1000ml\/","title":{"rendered":"TEKNIA White Silver Maske"},"content":{"rendered":"<p>LAKME\u00a0<em><strong>TEKNIA White Silver Maske<\/strong><\/em>\u00a0ist eine farbgebende Haarmaske, die nicht nur das Haar aufbaut, pflegt und sch\u00fctzt, sondern auch den unerw\u00fcnschten Gelbstich \/ gelbe Reflexe reduziert. Das Haar erscheint wieder in einem wei\u00dfblonden, k\u00fchlen Farbton. Blondes und wei\u00dfes Haar erh\u00e4lt seinen nat\u00fcrlichen Glanz und seine Leuchtkraft zur\u00fcck.<\/p>\n<p>Extrakte aus wei\u00dfer Lotusblume spenden viel Feuchtigkeit und verleihen dem Haar einen nat\u00fcrlichen Glanz. \u00c4therisches Zitronen\u00f6l wirkt als Antioxidant und sch\u00fctzt vor sch\u00e4dlichen Umwelteinfl\u00fcssen. Der frische, blumige Duft von Zitronen\u00f6l ist sehr angenehm.<\/p>\n<p>Anwendung<br \/>\nGleichm\u00e4\u00dfig auf das gewaschene, handtuchtrockene Haar auftragen<br \/>\nJe nach Intensit\u00e4t der Farbneutralizierung 5 bis 7 Minuten einwirken lassen<br \/>\ngut aussp\u00fclen<br \/>\nHaare trocknen und stylen<\/p>\n","protected":false},"excerpt":{"rendered":"<p>LAKME\u00a0TEKNIA White Silver Maske\u00a0ist eine farbgebende Haarmaske, die nicht nur das Haar aufbaut, pflegt und sch\u00fctzt, sondern auch den unerw\u00fcnschten Gelbstich \/ gelbe Reflexe reduziert. Das Haar erscheint wieder in einem wei\u00dfblonden, k\u00fchlen Farbton. Blondes und wei\u00dfes Haar erh\u00e4lt seinen nat\u00fcrlichen Glanz und seine Leuchtkraft zur\u00fcck. Extrakte aus wei\u00dfer Lotusblume spenden viel Feuchtigkeit und verleihen [&hellip;]<\/p>\n","protected":false},"featured_media":452,"comment_status":"open","ping_status":"closed","template":"","meta":{"_et_pb_use_builder":"","_et_pb_old_content":"","_et_gb_content_width":""},"product_brand":[],"product_cat":[53,37],"product_tag":[],"class_list":{"0":"post-169","1":"product","2":"type-product","3":"status-publish","4":"has-post-thumbnail","6":"product_cat-maske","7":"product_cat-teknia","9":"first","10":"instock","11":"shipping-taxable","12":"purchasable","13":"product-type-variable"},"_links":{"self":[{"href":"https:\/\/schnip-schnap.ch\/index.php\/wp-json\/wp\/v2\/product\/169","targetHints":{"allow":["GET"]}}],"collection":[{"href":"https:\/\/schnip-schnap.ch\/index.php\/wp-json\/wp\/v2\/product"}],"about":[{"href":"https:\/\/schnip-schnap.ch\/index.php\/wp-json\/wp\/v2\/types\/product"}],"replies":[{"embeddable":true,"href":"https:\/\/schnip-schnap.ch\/index.php\/wp-json\/wp\/v2\/comments?post=169"}],"wp:featuredmedia":[{"embeddable":true,"href":"https:\/\/schnip-schnap.ch\/index.php\/wp-json\/wp\/v2\/media\/452"}],"wp:attachment":[{"href":"https:\/\/schnip-schnap.ch\/index.php\/wp-json\/wp\/v2\/media?parent=169"}],"wp:term":[{"taxonomy":"product_brand","embeddable":true,"href":"https:\/\/schnip-schnap.ch\/index.php\/wp-json\/wp\/v2\/product_brand?post=169"},{"taxonomy":"product_cat","embeddable":true,"href":"https:\/\/schnip-schnap.ch\/index.php\/wp-json\/wp\/v2\/product_cat?post=169"},{"taxonomy":"product_tag","embeddable":true,"href":"https:\/\/schnip-schnap.ch\/index.php\/wp-json\/wp\/v2\/product_tag?post=169"}],"curies":[{"name":"wp","href":"https:\/\/api.w.org\/{rel}","templated":true}]}}