{"id":174,"date":"2022-11-15T18:52:09","date_gmt":"2022-11-15T18:52:09","guid":{"rendered":"https:\/\/schnischnap.hhit.ch\/index.php\/produkt\/teknia-cocoa-brown-mask-250ml\/"},"modified":"2023-01-18T13:26:37","modified_gmt":"2023-01-18T13:26:37","slug":"teknia-cocoa-brown-mask-250ml","status":"publish","type":"product","link":"https:\/\/schnip-schnap.ch\/index.php\/produkt\/teknia-cocoa-brown-mask-250ml\/","title":{"rendered":"TEKNIA Cocoa Brown Mask"},"content":{"rendered":"<p>LAKME\u00a0<em><strong>TEKNIA REFRESH Cocoa Brown Mask<\/strong><\/em>\u00a0ist ein farbauffrischende Haarmaske f\u00fcr braune Haare. Die Maske mit dem patentierten Ceramide Rebuild Systems dringt tief in die Haarfasern ein, repariert und baut diese wieder auf. Braune Farbpigmente werden unter der Schuppenschicht angelagert. Die Haarfarbe wird dadurch aufgefrischt und wundersch\u00f6n gl\u00e4nzend. Organische Kakaobutter-Extrakte und speziellen Pflanzenextrakte, die eine starke antioxidative Wirkung haben, sch\u00fctzen das Haar und wirken gegen Farbverlust. Das Ergebnis ist ein gesundes, gl\u00e4nzendes, intensiv braunes Haar. Duftnote: leicht blumig, fruchtig, tropischer touch<\/p>\n<p><em><strong>250ml<\/strong><\/em><\/p>\n<p>Anwendung<br \/>\nWir empfehlen Einweghandschuhe zu tragen (werden mitgeliefert)<br \/>\nDas Haar mit Lakme Shampoo waschen<br \/>\nMaske auf das handtuchtrockene Haar verteilen<br \/>\nJe nach Intensit\u00e4t der Farbintensit\u00e4t ca. 5 Minuten einwirken lassen<br \/>\nGut aussp\u00fclen und Haare trocknen und stylen wie gewohnt<\/p>\n<p>Haarbedarf Experten-Tipp<br \/>\nWir empfehlen vor der Maske eine passendes Shampoo zu verwenden, z.B. Lakme TEKNIA Refresh Cacao Brown Shampoo oder Lakme TEKNIA Color Stay Shampoo.<\/p>\n","protected":false},"excerpt":{"rendered":"<p>LAKME\u00a0TEKNIA REFRESH Cocoa Brown Mask\u00a0ist ein farbauffrischende Haarmaske f\u00fcr braune Haare. Die Maske mit dem patentierten Ceramide Rebuild Systems dringt tief in die Haarfasern ein, repariert und baut diese wieder auf. Braune Farbpigmente werden unter der Schuppenschicht angelagert. Die Haarfarbe wird dadurch aufgefrischt und wundersch\u00f6n gl\u00e4nzend. Organische Kakaobutter-Extrakte und speziellen Pflanzenextrakte, die eine starke antioxidative [&hellip;]<\/p>\n","protected":false},"featured_media":439,"comment_status":"open","ping_status":"closed","template":"","meta":{"_et_pb_use_builder":"","_et_pb_old_content":"","_et_gb_content_width":""},"product_brand":[],"product_cat":[53,37],"product_tag":[],"class_list":{"0":"post-174","1":"product","2":"type-product","3":"status-publish","4":"has-post-thumbnail","6":"product_cat-maske","7":"product_cat-teknia","9":"first","10":"instock","11":"shipping-taxable","12":"purchasable","13":"product-type-simple"},"_links":{"self":[{"href":"https:\/\/schnip-schnap.ch\/index.php\/wp-json\/wp\/v2\/product\/174","targetHints":{"allow":["GET"]}}],"collection":[{"href":"https:\/\/schnip-schnap.ch\/index.php\/wp-json\/wp\/v2\/product"}],"about":[{"href":"https:\/\/schnip-schnap.ch\/index.php\/wp-json\/wp\/v2\/types\/product"}],"replies":[{"embeddable":true,"href":"https:\/\/schnip-schnap.ch\/index.php\/wp-json\/wp\/v2\/comments?post=174"}],"wp:featuredmedia":[{"embeddable":true,"href":"https:\/\/schnip-schnap.ch\/index.php\/wp-json\/wp\/v2\/media\/439"}],"wp:attachment":[{"href":"https:\/\/schnip-schnap.ch\/index.php\/wp-json\/wp\/v2\/media?parent=174"}],"wp:term":[{"taxonomy":"product_brand","embeddable":true,"href":"https:\/\/schnip-schnap.ch\/index.php\/wp-json\/wp\/v2\/product_brand?post=174"},{"taxonomy":"product_cat","embeddable":true,"href":"https:\/\/schnip-schnap.ch\/index.php\/wp-json\/wp\/v2\/product_cat?post=174"},{"taxonomy":"product_tag","embeddable":true,"href":"https:\/\/schnip-schnap.ch\/index.php\/wp-json\/wp\/v2\/product_tag?post=174"}],"curies":[{"name":"wp","href":"https:\/\/api.w.org\/{rel}","templated":true}]}}