{"id":176,"date":"2022-11-15T18:52:10","date_gmt":"2022-11-15T18:52:10","guid":{"rendered":"https:\/\/schnischnap.hhit.ch\/index.php\/produkt\/teknia-violet-lavender-mask-250ml\/"},"modified":"2023-01-18T13:23:24","modified_gmt":"2023-01-18T13:23:24","slug":"teknia-violet-lavender-mask-250ml","status":"publish","type":"product","link":"https:\/\/schnip-schnap.ch\/index.php\/produkt\/teknia-violet-lavender-mask-250ml\/","title":{"rendered":"TEKNIA Violet Lavender Mask"},"content":{"rendered":"<p>LAKME\u00a0<em><strong>TEKNIA REFRESH Violet Lavender Mask<\/strong><\/em>\u00a0ist ein farbauffrischende Haarmaske f\u00fcr violett gef\u00e4rbte oder get\u00f6nte Haare. Die Maske mit dem patentierten Ceramide Rebuild Systems dringt tief in die Haarfasern ein, repariert und baut diese wieder auf. Violette Farbpigmente werden unter der Schuppenschicht angelagert. Die Haarfarbe wird dadurch aufgefrischt und wundersch\u00f6n gl\u00e4nzend. Extrakte aus Lavendelbl\u00fcten, die eine starke antioxidative Wirkung haben, sch\u00fctzen das Haar und wirken gegen Farbverlust. Das Ergebnis ist ein gesundes, gl\u00e4nzendes, intensiv violett Haar. Duftnote: leicht blumig, fruchtig, tropischer touch<\/p>\n<p>Anwendung<br \/>\nWir empfehlen Einweghandschuhe zu tragen (werden mitgeliefert)<br \/>\nDas Haar mit Lakme Shampoo waschen<br \/>\nMaske auf das handtuchtrockene Haar verteilen<br \/>\nJe nach Intensit\u00e4t der Farbintensit\u00e4t ca. 5 Minuten einwirken lassen<br \/>\nGut aussp\u00fclen und Haare trocknen und stylen wie gewohnt<\/p>\n<p>Haarbedarf Experten-Tipp<br \/>\nWir empfehlen vor der Maske eine passendes Shampoo zu verwenden, z.B. Lakme TEKNIA Refresh Violet Lavender Shampoo oder Lakme TEKNIA Color Stay Shampoo.<\/p>\n","protected":false},"excerpt":{"rendered":"<p>LAKME\u00a0TEKNIA REFRESH Violet Lavender Mask\u00a0ist ein farbauffrischende Haarmaske f\u00fcr violett gef\u00e4rbte oder get\u00f6nte Haare. Die Maske mit dem patentierten Ceramide Rebuild Systems dringt tief in die Haarfasern ein, repariert und baut diese wieder auf. Violette Farbpigmente werden unter der Schuppenschicht angelagert. Die Haarfarbe wird dadurch aufgefrischt und wundersch\u00f6n gl\u00e4nzend. Extrakte aus Lavendelbl\u00fcten, die eine starke [&hellip;]<\/p>\n","protected":false},"featured_media":436,"comment_status":"open","ping_status":"closed","template":"","meta":{"_et_pb_use_builder":"","_et_pb_old_content":"","_et_gb_content_width":""},"product_brand":[],"product_cat":[53,37],"product_tag":[],"class_list":{"0":"post-176","1":"product","2":"type-product","3":"status-publish","4":"has-post-thumbnail","6":"product_cat-maske","7":"product_cat-teknia","9":"first","10":"instock","11":"shipping-taxable","12":"purchasable","13":"product-type-variable"},"_links":{"self":[{"href":"https:\/\/schnip-schnap.ch\/index.php\/wp-json\/wp\/v2\/product\/176","targetHints":{"allow":["GET"]}}],"collection":[{"href":"https:\/\/schnip-schnap.ch\/index.php\/wp-json\/wp\/v2\/product"}],"about":[{"href":"https:\/\/schnip-schnap.ch\/index.php\/wp-json\/wp\/v2\/types\/product"}],"replies":[{"embeddable":true,"href":"https:\/\/schnip-schnap.ch\/index.php\/wp-json\/wp\/v2\/comments?post=176"}],"wp:featuredmedia":[{"embeddable":true,"href":"https:\/\/schnip-schnap.ch\/index.php\/wp-json\/wp\/v2\/media\/436"}],"wp:attachment":[{"href":"https:\/\/schnip-schnap.ch\/index.php\/wp-json\/wp\/v2\/media?parent=176"}],"wp:term":[{"taxonomy":"product_brand","embeddable":true,"href":"https:\/\/schnip-schnap.ch\/index.php\/wp-json\/wp\/v2\/product_brand?post=176"},{"taxonomy":"product_cat","embeddable":true,"href":"https:\/\/schnip-schnap.ch\/index.php\/wp-json\/wp\/v2\/product_cat?post=176"},{"taxonomy":"product_tag","embeddable":true,"href":"https:\/\/schnip-schnap.ch\/index.php\/wp-json\/wp\/v2\/product_tag?post=176"}],"curies":[{"name":"wp","href":"https:\/\/api.w.org\/{rel}","templated":true}]}}