{"id":88,"date":"2022-11-15T18:51:30","date_gmt":"2022-11-15T18:51:30","guid":{"rendered":"https:\/\/schnischnap.hhit.ch\/index.php\/produkt\/rumble59-schmiere-special-edition-better-dan\/"},"modified":"2022-11-15T19:38:39","modified_gmt":"2022-11-15T19:38:39","slug":"rumble59-schmiere-special-edition-better-dan","status":"publish","type":"product","link":"https:\/\/schnip-schnap.ch\/index.php\/produkt\/rumble59-schmiere-special-edition-better-dan\/","title":{"rendered":"Rumble59 &#8211; Schmiere &#8211; Special Edition &#8211; Better Dan"},"content":{"rendered":"<p>Die neue Schmiere &#8222;Better Dan&#8220; ist nicht nur f\u00fcr schmierige Trickbetr\u00fcger oder ehrenwerte Gentlemen, denn jedes &#8222;Gefieder&#8220; sollte immer pr\u00e4chtig sitzen und in Form bleiben!<br \/>\nFeinste Haar Pomade von Rumble59 h\u00e4lt dabei was sie verspricht!<\/p>\n<p>Schmiere pr\u00e4sentiert stolz das neuste Pferd im Stall: Die Special Edition &#8222;Better Dan&#8220;.<span class=\"text_exposed_show\"><br \/>\nDie neue, rote Blechdose mit dem b\u00e4rtigen Konterfei unseres beliebten Rabens ist schon alleine ein Verkaufsargument. Aber das soll nicht alles sein!<br \/>\nDenn der ehrenwerte Everett McGill selbst empfiehlt &#8222;Better Dan&#8220; Pomade: &#8222;Schmieres &#8218;Better Dan&#8216; garantiert Deinem Haar sicheren Halt und perfekten Style &#8211; auf der Flucht vor dem Gesetz und als H\u00e4ftling in der &#8218;Chain Gang&#8216;.&#8220;<\/p>\n<p>In beiger Farbe, dezent nach Honig duftend und in mittlerem H\u00e4rtegrad ist diese Pomade genau richtig f\u00fcr den t\u00e4glichen Einsatz, wilde Partyn\u00e4chte und selbst f\u00fcr Deine pers\u00f6nliche &#8222;Mississippi-Odyssee&#8220;.<br \/>\nMade in Germany &#8211; Abgef\u00fcllt in die brandneuen Schmiere Blechb\u00fcchsen &#8211; Mit bew\u00e4hrtem 140 ml Inhalt.<br \/>\nFor every man of constant sorrow!<\/p>\n<p>Mittlerer Halt<br \/>\nFarbe: beige<br \/>\nDuft: Honig<br \/>\nInhalt: 140ml<\/span><\/p>\n","protected":false},"excerpt":{"rendered":"<p>Die neue Schmiere &#8222;Better Dan&#8220; ist nicht nur f\u00fcr schmierige Trickbetr\u00fcger oder ehrenwerte Gentlemen, denn jedes &#8222;Gefieder&#8220; sollte immer pr\u00e4chtig sitzen und in Form bleiben! Feinste Haar Pomade von Rumble59 h\u00e4lt dabei was sie verspricht! Schmiere pr\u00e4sentiert stolz das neuste Pferd im Stall: Die Special Edition &#8222;Better Dan&#8220;. Die neue, rote Blechdose mit dem b\u00e4rtigen [&hellip;]<\/p>\n","protected":false},"featured_media":224,"comment_status":"open","ping_status":"closed","template":"","meta":{"_et_pb_use_builder":"","_et_pb_old_content":"","_et_gb_content_width":""},"product_brand":[],"product_cat":[19,18,20],"product_tag":[],"class_list":{"0":"post-88","1":"product","2":"type-product","3":"status-publish","4":"has-post-thumbnail","6":"product_cat-mittel","7":"product_cat-pomade","8":"product_cat-rumble-59","10":"first","11":"instock","12":"shipping-taxable","13":"purchasable","14":"product-type-simple"},"_links":{"self":[{"href":"https:\/\/schnip-schnap.ch\/index.php\/wp-json\/wp\/v2\/product\/88","targetHints":{"allow":["GET"]}}],"collection":[{"href":"https:\/\/schnip-schnap.ch\/index.php\/wp-json\/wp\/v2\/product"}],"about":[{"href":"https:\/\/schnip-schnap.ch\/index.php\/wp-json\/wp\/v2\/types\/product"}],"replies":[{"embeddable":true,"href":"https:\/\/schnip-schnap.ch\/index.php\/wp-json\/wp\/v2\/comments?post=88"}],"wp:featuredmedia":[{"embeddable":true,"href":"https:\/\/schnip-schnap.ch\/index.php\/wp-json\/wp\/v2\/media\/224"}],"wp:attachment":[{"href":"https:\/\/schnip-schnap.ch\/index.php\/wp-json\/wp\/v2\/media?parent=88"}],"wp:term":[{"taxonomy":"product_brand","embeddable":true,"href":"https:\/\/schnip-schnap.ch\/index.php\/wp-json\/wp\/v2\/product_brand?post=88"},{"taxonomy":"product_cat","embeddable":true,"href":"https:\/\/schnip-schnap.ch\/index.php\/wp-json\/wp\/v2\/product_cat?post=88"},{"taxonomy":"product_tag","embeddable":true,"href":"https:\/\/schnip-schnap.ch\/index.php\/wp-json\/wp\/v2\/product_tag?post=88"}],"curies":[{"name":"wp","href":"https:\/\/api.w.org\/{rel}","templated":true}]}}