{"id":90,"date":"2022-11-15T18:51:32","date_gmt":"2022-11-15T18:51:32","guid":{"rendered":"https:\/\/schnischnap.hhit.ch\/index.php\/produkt\/rumble59-schmiere-sh-boom-fuer-maedels\/"},"modified":"2022-11-15T19:35:55","modified_gmt":"2022-11-15T19:35:55","slug":"rumble59-schmiere-sh-boom-fuer-maedels","status":"publish","type":"product","link":"https:\/\/schnip-schnap.ch\/index.php\/produkt\/rumble59-schmiere-sh-boom-fuer-maedels\/","title":{"rendered":"Rumble59 &#8211; Schmiere &#8211; Sh-Boom &#8211; f\u00fcr M\u00e4dels"},"content":{"rendered":"<p>Schmiere f\u00fcr die Frau von Welt &#8211; damit Euer &#8222;Gefieder&#8220; immer pr\u00e4chtig sitzt und in Form bleibt!<br \/>\nFeinste Haar Pomade von Rumble59<br \/>\n<span class=\"text_exposed_show\"><br \/>\nWarum Pomade immer nur f\u00fcr Jungs? Rumble59 hat auch mal an uns M\u00e4dels gedacht und eine ganz spezielle Schmiere f\u00fcr uns entwickelt. Das Besondere an dieser M\u00e4dels-Pomade ist die Prise Sh-Boom und der damit verbundene unwiderstehliche Duft nach Erdbeer-Vanille-Eis.<\/p>\n<p>Durch ihre cremige, etwas festere Konsistenz eignet sich die &#8222;Schmiere &#8211; f\u00fcr M\u00e4dels&#8220; ideal, um normales bis dickes Haar zu formen. Mit dieser Schmiere sitzt die Frisur perfekt, erh\u00e4lt einen leichten Glanz und bleibt leicht k\u00e4mmbar. Auch widerspenstige Haare werden geb\u00e4ndigt und erhalten einen unwiderstehlichen Duft!<br \/>\nEinmal auf das Haar aufgetragen, h\u00e4lt sie den ganzen Tag ohne durchzutrocknen und sorgt daf\u00fcr, dass das Haar sitzt und trotzdem flexibel bleibt.<\/p>\n<p>mittelfester Halt<br \/>\nFarbe: rosa<br \/>\nDuft: Erdbeer-Vanille-Eis<br \/>\nInhalt: 140ml<\/span><\/p>\n","protected":false},"excerpt":{"rendered":"<p>Schmiere f\u00fcr die Frau von Welt &#8211; damit Euer &#8222;Gefieder&#8220; immer pr\u00e4chtig sitzt und in Form bleibt! Feinste Haar Pomade von Rumble59 Warum Pomade immer nur f\u00fcr Jungs? Rumble59 hat auch mal an uns M\u00e4dels gedacht und eine ganz spezielle Schmiere f\u00fcr uns entwickelt. Das Besondere an dieser M\u00e4dels-Pomade ist die Prise Sh-Boom und der [&hellip;]<\/p>\n","protected":false},"featured_media":222,"comment_status":"open","ping_status":"closed","template":"","meta":{"_et_pb_use_builder":"","_et_pb_old_content":"","_et_gb_content_width":""},"product_brand":[],"product_cat":[26,18,20],"product_tag":[],"class_list":{"0":"post-90","1":"product","2":"type-product","3":"status-publish","4":"has-post-thumbnail","6":"product_cat-frauen","7":"product_cat-pomade","8":"product_cat-rumble-59","10":"first","11":"instock","12":"shipping-taxable","13":"purchasable","14":"product-type-simple"},"_links":{"self":[{"href":"https:\/\/schnip-schnap.ch\/index.php\/wp-json\/wp\/v2\/product\/90","targetHints":{"allow":["GET"]}}],"collection":[{"href":"https:\/\/schnip-schnap.ch\/index.php\/wp-json\/wp\/v2\/product"}],"about":[{"href":"https:\/\/schnip-schnap.ch\/index.php\/wp-json\/wp\/v2\/types\/product"}],"replies":[{"embeddable":true,"href":"https:\/\/schnip-schnap.ch\/index.php\/wp-json\/wp\/v2\/comments?post=90"}],"wp:featuredmedia":[{"embeddable":true,"href":"https:\/\/schnip-schnap.ch\/index.php\/wp-json\/wp\/v2\/media\/222"}],"wp:attachment":[{"href":"https:\/\/schnip-schnap.ch\/index.php\/wp-json\/wp\/v2\/media?parent=90"}],"wp:term":[{"taxonomy":"product_brand","embeddable":true,"href":"https:\/\/schnip-schnap.ch\/index.php\/wp-json\/wp\/v2\/product_brand?post=90"},{"taxonomy":"product_cat","embeddable":true,"href":"https:\/\/schnip-schnap.ch\/index.php\/wp-json\/wp\/v2\/product_cat?post=90"},{"taxonomy":"product_tag","embeddable":true,"href":"https:\/\/schnip-schnap.ch\/index.php\/wp-json\/wp\/v2\/product_tag?post=90"}],"curies":[{"name":"wp","href":"https:\/\/api.w.org\/{rel}","templated":true}]}}