{"id":91,"date":"2022-11-15T18:51:32","date_gmt":"2022-11-15T18:51:32","guid":{"rendered":"https:\/\/schnischnap.hhit.ch\/index.php\/produkt\/rumble59-schmiere-pomade-mittel-bebop-a-huba\/"},"modified":"2022-11-15T19:34:35","modified_gmt":"2022-11-15T19:34:35","slug":"rumble59-schmiere-pomade-mittel-bebop-a-huba","status":"publish","type":"product","link":"https:\/\/schnip-schnap.ch\/index.php\/produkt\/rumble59-schmiere-pomade-mittel-bebop-a-huba\/","title":{"rendered":"Rumble59 &#8211; Schmiere &#8211; Pomade mittel &#8211; Bebop a Huba"},"content":{"rendered":"<p>Sie gibt mittleren Halt und mittleren Glanz. Schmiere l\u00e4sst sich gut verarbeiten, ist sparsam in der Anwendung und hat einen Duft mit Suchtfaktor<\/p>\n<p>Schon beim \u00d6ffnen der Dose verstr\u00f6mt die hellblaue Pomade einen unwiderstehlichen aber dezenten Duft nach Bubble Gum. Dieser leckere Geruch, der immer wieder zum Schnuppern animiert, kommt durch die Prise Bebop a Hub<span class=\"text_exposed_show\">a, die hinzugef\u00fcgt wurde. Wir warnen an dieser Stelle noch einmal ausdr\u00fccklich vor dem Suchtfaktor von Schmiere Pomade: Viele Kunden k\u00f6nnen nicht genug von der Rumble 59 Schmiere bekommen. Die Konsistenz dieser Pomade ist mittelfest. Sie l\u00e4sst sich deshalb besonders gut verarbeiten und ist auch f\u00fcr Anf\u00e4nger gut geeignet.<\/p>\n<p>Schmiere Anwendung &amp; Styling Tipps:<br \/>\nDurch ihre cremige, etwas festere Konsistenz eignet sich die &#8222;Schmiere &#8211; Pomade Mittel&#8220; ideal, um normales bis dickes Haar zu einer perfekten Tolle zu formen. Nat\u00fcrlich lassen sich auch andere klassische Frisuren sehr gut damit stylen. (Wer sehr dickes oder widerspenstiges Haar hat, sollte jedoch Rumble 59 Schmiere Pomade hart probieren). Schmiere Pomade trocknet das Haar nicht aus. Einmal aufgetragen, h\u00e4lt sie den ganzen Tag ohne durchzutrocknen und sorgt daf\u00fcr, dass die Frisur sitzt und trotzdem flexibel bleibt. Die Schmiere Pomade (Mittel) ist sehr sparsam in der Anwendung und l\u00e4sst sich leicht verteilen. Auch Anf\u00e4nger werden deshalb ihre Freude mit dieser Pomade haben. Im Gegensatz zu anderen Pomaden ist Schmiere (Mittel) etwas leichter auszuwaschen, jedoch reicht eine Anwendung meist auch nur f\u00fcr einen Tag. Tipp: Einfach &#8222;Nachschmieren&#8220; und die Frisur sitzt wieder<\/p>\n<p>Mittlerer Halt &#8211; perfekte Kontrolle<br \/>\nFarbe: hellblau<br \/>\nDuft: Bubble Gum<br \/>\nInhalt: 140 ml<\/span><\/p>\n","protected":false},"excerpt":{"rendered":"<p>Sie gibt mittleren Halt und mittleren Glanz. Schmiere l\u00e4sst sich gut verarbeiten, ist sparsam in der Anwendung und hat einen Duft mit Suchtfaktor Schon beim \u00d6ffnen der Dose verstr\u00f6mt die hellblaue Pomade einen unwiderstehlichen aber dezenten Duft nach Bubble Gum. Dieser leckere Geruch, der immer wieder zum Schnuppern animiert, kommt durch die Prise Bebop a [&hellip;]<\/p>\n","protected":false},"featured_media":221,"comment_status":"open","ping_status":"closed","template":"","meta":{"_et_pb_use_builder":"","_et_pb_old_content":"","_et_gb_content_width":""},"product_brand":[],"product_cat":[19,18,20],"product_tag":[],"class_list":{"0":"post-91","1":"product","2":"type-product","3":"status-publish","4":"has-post-thumbnail","6":"product_cat-mittel","7":"product_cat-pomade","8":"product_cat-rumble-59","10":"first","11":"instock","12":"shipping-taxable","13":"purchasable","14":"product-type-simple"},"_links":{"self":[{"href":"https:\/\/schnip-schnap.ch\/index.php\/wp-json\/wp\/v2\/product\/91","targetHints":{"allow":["GET"]}}],"collection":[{"href":"https:\/\/schnip-schnap.ch\/index.php\/wp-json\/wp\/v2\/product"}],"about":[{"href":"https:\/\/schnip-schnap.ch\/index.php\/wp-json\/wp\/v2\/types\/product"}],"replies":[{"embeddable":true,"href":"https:\/\/schnip-schnap.ch\/index.php\/wp-json\/wp\/v2\/comments?post=91"}],"wp:featuredmedia":[{"embeddable":true,"href":"https:\/\/schnip-schnap.ch\/index.php\/wp-json\/wp\/v2\/media\/221"}],"wp:attachment":[{"href":"https:\/\/schnip-schnap.ch\/index.php\/wp-json\/wp\/v2\/media?parent=91"}],"wp:term":[{"taxonomy":"product_brand","embeddable":true,"href":"https:\/\/schnip-schnap.ch\/index.php\/wp-json\/wp\/v2\/product_brand?post=91"},{"taxonomy":"product_cat","embeddable":true,"href":"https:\/\/schnip-schnap.ch\/index.php\/wp-json\/wp\/v2\/product_cat?post=91"},{"taxonomy":"product_tag","embeddable":true,"href":"https:\/\/schnip-schnap.ch\/index.php\/wp-json\/wp\/v2\/product_tag?post=91"}],"curies":[{"name":"wp","href":"https:\/\/api.w.org\/{rel}","templated":true}]}}