{"id":94,"date":"2022-11-15T18:51:34","date_gmt":"2022-11-15T18:51:34","guid":{"rendered":"https:\/\/schnischnap.hhit.ch\/index.php\/produkt\/rumble59-schmiere-special-edition-gambling-lucky-no-7\/"},"modified":"2022-11-15T19:29:22","modified_gmt":"2022-11-15T19:29:22","slug":"rumble59-schmiere-special-edition-gambling-lucky-no-7","status":"publish","type":"product","link":"https:\/\/schnip-schnap.ch\/index.php\/produkt\/rumble59-schmiere-special-edition-gambling-lucky-no-7\/","title":{"rendered":"Rumble59 &#8211; Schmiere &#8211; Special Edition &#8211; Gambling &#8211; Lucky No. 7"},"content":{"rendered":"<p>Schmiere f\u00fcr mittleren Halt f\u00fcr schmierige Zocker und Ganoven- damit Euer &#8222;Gefieder&#8220; immer pr\u00e4chtig sitzt und in Form bleibt!<br \/>\nFeinste Haar Pomade von Rumble59<\/p>\n<p>&#8211; Special Edition &#8211; &#8222;Gambling&#8220; &#8211;<span class=\"text_exposed_show\"><\/p>\n<p>Der mittlere Halt und der Duft nach Kokos l\u00e4sst die milchig- wei\u00dfe Schmiere sicher schnell zu Deiner Lieblingspomade aufsteigen.<\/p>\n<p>Mittlerer Halt<br \/>\nFarbe: Milchig-Weiss<br \/>\nDuft: Kokos<br \/>\nInhalt: 140ml<\/span><\/p>\n","protected":false},"excerpt":{"rendered":"<p>Schmiere f\u00fcr mittleren Halt f\u00fcr schmierige Zocker und Ganoven- damit Euer &#8222;Gefieder&#8220; immer pr\u00e4chtig sitzt und in Form bleibt! Feinste Haar Pomade von Rumble59 &#8211; Special Edition &#8211; &#8222;Gambling&#8220; &#8211; Der mittlere Halt und der Duft nach Kokos l\u00e4sst die milchig- wei\u00dfe Schmiere sicher schnell zu Deiner Lieblingspomade aufsteigen. Mittlerer Halt Farbe: Milchig-Weiss Duft: Kokos [&hellip;]<\/p>\n","protected":false},"featured_media":217,"comment_status":"open","ping_status":"closed","template":"","meta":{"_et_pb_use_builder":"","_et_pb_old_content":"","_et_gb_content_width":""},"product_brand":[],"product_cat":[19,18,20],"product_tag":[],"class_list":{"0":"post-94","1":"product","2":"type-product","3":"status-publish","4":"has-post-thumbnail","6":"product_cat-mittel","7":"product_cat-pomade","8":"product_cat-rumble-59","10":"first","11":"instock","12":"shipping-taxable","13":"purchasable","14":"product-type-simple"},"_links":{"self":[{"href":"https:\/\/schnip-schnap.ch\/index.php\/wp-json\/wp\/v2\/product\/94","targetHints":{"allow":["GET"]}}],"collection":[{"href":"https:\/\/schnip-schnap.ch\/index.php\/wp-json\/wp\/v2\/product"}],"about":[{"href":"https:\/\/schnip-schnap.ch\/index.php\/wp-json\/wp\/v2\/types\/product"}],"replies":[{"embeddable":true,"href":"https:\/\/schnip-schnap.ch\/index.php\/wp-json\/wp\/v2\/comments?post=94"}],"wp:featuredmedia":[{"embeddable":true,"href":"https:\/\/schnip-schnap.ch\/index.php\/wp-json\/wp\/v2\/media\/217"}],"wp:attachment":[{"href":"https:\/\/schnip-schnap.ch\/index.php\/wp-json\/wp\/v2\/media?parent=94"}],"wp:term":[{"taxonomy":"product_brand","embeddable":true,"href":"https:\/\/schnip-schnap.ch\/index.php\/wp-json\/wp\/v2\/product_brand?post=94"},{"taxonomy":"product_cat","embeddable":true,"href":"https:\/\/schnip-schnap.ch\/index.php\/wp-json\/wp\/v2\/product_cat?post=94"},{"taxonomy":"product_tag","embeddable":true,"href":"https:\/\/schnip-schnap.ch\/index.php\/wp-json\/wp\/v2\/product_tag?post=94"}],"curies":[{"name":"wp","href":"https:\/\/api.w.org\/{rel}","templated":true}]}}