{"id":95,"date":"2022-11-15T18:51:34","date_gmt":"2022-11-15T18:51:34","guid":{"rendered":"https:\/\/schnischnap.hhit.ch\/index.php\/produkt\/rumble59-schmiere-pomade-knueppelhart-meteor-dust\/"},"modified":"2022-11-15T19:40:17","modified_gmt":"2022-11-15T19:40:17","slug":"rumble59-schmiere-pomade-knueppelhart-meteor-dust","status":"publish","type":"product","link":"https:\/\/schnip-schnap.ch\/index.php\/produkt\/rumble59-schmiere-pomade-knueppelhart-meteor-dust\/","title":{"rendered":"Rumble59 &#8211; Schmiere &#8211; Pomade kn\u00fcppelhart &#8211; Meteor Dust"},"content":{"rendered":"<p>Die Schmiere &#8222;kn\u00fcppelhart&#8220; ist f\u00fcr starken Halt und kr\u00e4ftiges Gefieder &#8211; damit Euer &#8222;Gefieder&#8220; immer pr\u00e4chtig sitzt und gl\u00e4nzt!<br \/>\nFeinste Haar Pomade von Rumble59 h\u00e4lt dabei was sie verspricht!<\/p>\n<p>Die Schmiere kn\u00fcppelhart ist eine der beliebtesten Schmieresorten und zeigt sich von nun an in einem neuen Federkleid:<span class=\"text_exposed_show\"><br \/>\nDer ausdruckstarke Konterfei des Schmiere-Rabens blickt Dir ab jetzt von einer komplett bedruckten Blechdosen entgegen!<br \/>\nEinzigartige Qualit\u00e4t &#8211; Bew\u00e4hrter 140 ml Inhalt &#8211; Brandneue Dosen.<\/span><\/p>\n<p>Yiiieeeehhhhaaaa! Bei mir gibt&#8217;s Rock&#8217;n&#8217;Roll auf dem Plattenteller, ich habe Rock&#8217;n&#8217;Roll in den F\u00fc\u00dfen und neuerdings auch noch Rock&#8217;n&#8217;Roll auf dem Kopf. Dank der neuen Rumble59 Schmiere!<\/p>\n<p>Die &#8222;Schmiere &#8211; Pomade kn\u00fcppelhart&#8220; gibt einen festen Halt, ist blau und mit einer Prise Meteor Dust erinnert der Duft an Rasierwasser. Die blaue Farbe ist ideal f\u00fcr dunkles Haar, f\u00fcr Blondsch\u00f6pfe aber weniger geeignet.<br \/>\nMade in Germany &#8211; Abgef\u00fcllt in die brandneuen Schmiere Blechb\u00fcchsen.<\/p>\n<p>Tipps und Tricks :<br \/>\nDie &#8222;Schmiere &#8211; Pomade kn\u00fcppelhart&#8220; eignet sich ideal, um auch widerspenstiges oder dickes Haar zu einer perfekten Tolle zu formen.<br \/>\nEinmal auf das Haar aufgetragen, h\u00e4lt sie den ganzen Tag ohne durchzutrocknen und sorgt daf\u00fcr, dass das Haar sitzt und trotzdem flexibel bleibt.<br \/>\nAnf\u00e4nger werden sich wahrscheinlich schwer tun, die Pomade in den Haaren zu verteilen. Bei festen Pomaden ist man als Anf\u00e4nger schnell frustriert, denn die z\u00e4he Masse klebt an den Fingern vergleichbar mit Kleister. Sie l\u00e4\u00dft sich so auch nur schwer im Haar verteilen.<br \/>\nTipp: Feste Pomade vorher mit einem F\u00f6n leicht anw\u00e4rmen. Zum Stylen nimmt man einen Finger voll Pomade (bei d\u00fcnnem Haar) oder zwei Finger voll (bei dickem, welligem Haar) und verteilt die Pomade so auf den Handfl\u00e4chen.<br \/>\nAm Anfang gilt: Weniger ist mehr! Nachschmieren kann man immer noch.<br \/>\nJetzt streicht man mit den H\u00e4nden \u00fcber das Haar oder f\u00e4hrt mit den Fingern zwischen den Haaren durch. Zum Schluss, wenn die Pomade wieder fester wird, das Haar mit einem Kamm in die gew\u00fcnschte Form bringen.<\/p>\n<p>kn\u00fcppelharter Halt<br \/>\nDuft: Meteor Dust<br \/>\nFarbe: blau<br \/>\nInhalt: 140ml<\/p>\n","protected":false},"excerpt":{"rendered":"<p>Die Schmiere &#8222;kn\u00fcppelhart&#8220; ist f\u00fcr starken Halt und kr\u00e4ftiges Gefieder &#8211; damit Euer &#8222;Gefieder&#8220; immer pr\u00e4chtig sitzt und gl\u00e4nzt! Feinste Haar Pomade von Rumble59 h\u00e4lt dabei was sie verspricht! Die Schmiere kn\u00fcppelhart ist eine der beliebtesten Schmieresorten und zeigt sich von nun an in einem neuen Federkleid: Der ausdruckstarke Konterfei des Schmiere-Rabens blickt Dir ab [&hellip;]<\/p>\n","protected":false},"featured_media":226,"comment_status":"open","ping_status":"closed","template":"","meta":{"_et_pb_use_builder":"","_et_pb_old_content":"","_et_gb_content_width":""},"product_brand":[],"product_cat":[25,18,20],"product_tag":[],"class_list":{"0":"post-95","1":"product","2":"type-product","3":"status-publish","4":"has-post-thumbnail","6":"product_cat-knueppelhart","7":"product_cat-pomade","8":"product_cat-rumble-59","10":"first","11":"instock","12":"shipping-taxable","13":"purchasable","14":"product-type-simple"},"_links":{"self":[{"href":"https:\/\/schnip-schnap.ch\/index.php\/wp-json\/wp\/v2\/product\/95","targetHints":{"allow":["GET"]}}],"collection":[{"href":"https:\/\/schnip-schnap.ch\/index.php\/wp-json\/wp\/v2\/product"}],"about":[{"href":"https:\/\/schnip-schnap.ch\/index.php\/wp-json\/wp\/v2\/types\/product"}],"replies":[{"embeddable":true,"href":"https:\/\/schnip-schnap.ch\/index.php\/wp-json\/wp\/v2\/comments?post=95"}],"wp:featuredmedia":[{"embeddable":true,"href":"https:\/\/schnip-schnap.ch\/index.php\/wp-json\/wp\/v2\/media\/226"}],"wp:attachment":[{"href":"https:\/\/schnip-schnap.ch\/index.php\/wp-json\/wp\/v2\/media?parent=95"}],"wp:term":[{"taxonomy":"product_brand","embeddable":true,"href":"https:\/\/schnip-schnap.ch\/index.php\/wp-json\/wp\/v2\/product_brand?post=95"},{"taxonomy":"product_cat","embeddable":true,"href":"https:\/\/schnip-schnap.ch\/index.php\/wp-json\/wp\/v2\/product_cat?post=95"},{"taxonomy":"product_tag","embeddable":true,"href":"https:\/\/schnip-schnap.ch\/index.php\/wp-json\/wp\/v2\/product_tag?post=95"}],"curies":[{"name":"wp","href":"https:\/\/api.w.org\/{rel}","templated":true}]}}