{"id":97,"date":"2022-11-15T18:51:35","date_gmt":"2022-11-15T18:51:35","guid":{"rendered":"https:\/\/schnischnap.hhit.ch\/index.php\/produkt\/rumble59-schmiere-special-edition-mittel-rote-tinte\/"},"modified":"2022-11-15T19:39:29","modified_gmt":"2022-11-15T19:39:29","slug":"rumble59-schmiere-special-edition-mittel-rote-tinte","status":"publish","type":"product","link":"https:\/\/schnip-schnap.ch\/index.php\/produkt\/rumble59-schmiere-special-edition-mittel-rote-tinte\/","title":{"rendered":"Rumble59 &#8211; Schmiere  &#8211; Special Edition &#8211; mittel &#8211; Rote Tinte"},"content":{"rendered":"<p>Diese mittlere Schmiere zeigt sich edel in einer schwarzen Blechdose. Monatelang lie\u00df sich der Rabe portr\u00e4tieren w\u00e4hrend er seinem Federkleid t\u00e4glich neue Tattoos schenkte. Das liebevoll handgezeichnete Antlitz des Rabens wird perfekt erg\u00e4nzt durch die ebenfalls mit Bleistift gezeichneten Tattoo Motive. Dieses Prachtst\u00fcck fehlt in jedem Fall noch in Deiner Sammlung. Greif zu!<br \/>\nPerfektes 50er Jahre\u00a0<span class=\"text_exposed_show\">Styling mit der Schmiere mittel by Rumble59.<br \/>\nNachdem der Schmiere Rabe lange auf der Suche nach neuen Herausforderungen war, hat er nun sein eigenes Tattoo-Studio &#8222;Rote Tinte&#8220; er\u00f6ffnet. Anfangs hatte er noch Schwierigkeiten die Pistole mit ruhiger Hand zu f\u00fchren, so dass mehr rotes Blut als rote Farbe floss. Doch nach zahlreichen Versch\u00f6nerungen an seinem eigenen gefiederten K\u00f6rper beherrscht er nun jeglichen T\u00e4towier-Stil und hei\u00dft Dich in seinen vier W\u00e4nden willkommen!<\/span><\/p>\n<p>Die Schmiere &#8222;Rote Tinte&#8220; gibt einen mittelfesten Halt, ist dunkelrot und riecht lecker nach Lakritz\/ Kirsche. Der Rabe h\u00f6chstpers\u00f6nlich hat wochenlang an diesem ganz eigenen Geruch gearbeitet. Die hochwertige, schwarze Blechdose beherbergt einen Inhalt von 140 ml. Die Bedruckungen dieser Dose sind besonders sehenswert durch die handgezeichneten Designs.<\/p>\n<p>Tipps und Tricks:<br \/>\nDurch ihre cremig, etwas festere Konsistenz eignet sich die &#8222;Schmiere &#8211; Pomade mittel&#8220; ideal, um normales bis dickes Haar zu einer perfekten Tolle zu formen. Auch wer sein Haar streng zur\u00fcck k\u00e4mmt, ist mit dieser Schmiere bestens bedient. Einmal auf das Haar aufgetragen, h\u00e4lt sie den ganzen Tag ohne durchzutrocknen und sorgt daf\u00fcr, dass das Haar sitzt und trotzdem flexibel bleibt. Anf\u00e4nger werden sich wahrscheinlich nicht sehr schwer tun, die Pomade in den Haaren zu verteilen, so dass sich hier Erfolge ziemlich schnell einstellen werden. Im Gegensatz zu anderen Pomaden ist diese Schmiere etwas leichter auszuwaschen, jedoch reicht eine Anwendung meist auch nur f\u00fcr einen Tag. Was man aber durch einfaches &#8222;Nachschmieren&#8220; wieder in Ordnung bringt!<\/p>\n<p>Schmiere von Rumble59 bietet eine gro\u00dfe Auswahl an Pomaden. Jede einzelne ist liebevoll gestaltet sowie hergestellt und sorgt f\u00fcr das perfekte Styling &#8211; nicht nur f\u00fcr klassische 50s Frisuren! Frei nach dem Motto: F\u00fcr schmierige Typen und die Frau von Welt&#8230;denn Schmiere h\u00e4lt!<\/p>\n<p>Die mittlere Schmiere Pomade &#8222;Rote Tinte&#8220; im \u00dcberblick:<\/p>\n<p>mittelfester Halt<br \/>\nFarbe: dunkelrot<br \/>\nDuft: Lakritz\/ Kirsche<br \/>\nMenge: 140 ml<br \/>\nComic-Faltblatt &#8222;How to use Schmiere&#8220;<\/p>\n","protected":false},"excerpt":{"rendered":"<p>Diese mittlere Schmiere zeigt sich edel in einer schwarzen Blechdose. Monatelang lie\u00df sich der Rabe portr\u00e4tieren w\u00e4hrend er seinem Federkleid t\u00e4glich neue Tattoos schenkte. Das liebevoll handgezeichnete Antlitz des Rabens wird perfekt erg\u00e4nzt durch die ebenfalls mit Bleistift gezeichneten Tattoo Motive. Dieses Prachtst\u00fcck fehlt in jedem Fall noch in Deiner Sammlung. Greif zu! Perfektes 50er [&hellip;]<\/p>\n","protected":false},"featured_media":225,"comment_status":"open","ping_status":"closed","template":"","meta":{"_et_pb_use_builder":"","_et_pb_old_content":"","_et_gb_content_width":""},"product_brand":[],"product_cat":[19,18,20],"product_tag":[],"class_list":{"0":"post-97","1":"product","2":"type-product","3":"status-publish","4":"has-post-thumbnail","6":"product_cat-mittel","7":"product_cat-pomade","8":"product_cat-rumble-59","10":"first","11":"instock","12":"shipping-taxable","13":"purchasable","14":"product-type-simple"},"_links":{"self":[{"href":"https:\/\/schnip-schnap.ch\/index.php\/wp-json\/wp\/v2\/product\/97","targetHints":{"allow":["GET"]}}],"collection":[{"href":"https:\/\/schnip-schnap.ch\/index.php\/wp-json\/wp\/v2\/product"}],"about":[{"href":"https:\/\/schnip-schnap.ch\/index.php\/wp-json\/wp\/v2\/types\/product"}],"replies":[{"embeddable":true,"href":"https:\/\/schnip-schnap.ch\/index.php\/wp-json\/wp\/v2\/comments?post=97"}],"wp:featuredmedia":[{"embeddable":true,"href":"https:\/\/schnip-schnap.ch\/index.php\/wp-json\/wp\/v2\/media\/225"}],"wp:attachment":[{"href":"https:\/\/schnip-schnap.ch\/index.php\/wp-json\/wp\/v2\/media?parent=97"}],"wp:term":[{"taxonomy":"product_brand","embeddable":true,"href":"https:\/\/schnip-schnap.ch\/index.php\/wp-json\/wp\/v2\/product_brand?post=97"},{"taxonomy":"product_cat","embeddable":true,"href":"https:\/\/schnip-schnap.ch\/index.php\/wp-json\/wp\/v2\/product_cat?post=97"},{"taxonomy":"product_tag","embeddable":true,"href":"https:\/\/schnip-schnap.ch\/index.php\/wp-json\/wp\/v2\/product_tag?post=97"}],"curies":[{"name":"wp","href":"https:\/\/api.w.org\/{rel}","templated":true}]}}