{"id":99,"date":"2022-11-15T18:51:36","date_gmt":"2022-11-15T18:51:36","guid":{"rendered":"https:\/\/schnischnap.hhit.ch\/index.php\/produkt\/rumble59-barbershop-spezial-edition-mittel-marzipan\/"},"modified":"2023-01-18T13:28:20","modified_gmt":"2023-01-18T13:28:20","slug":"rumble59-barbershop-spezial-edition-mittel-marzipan","status":"publish","type":"product","link":"https:\/\/schnip-schnap.ch\/index.php\/produkt\/rumble59-barbershop-spezial-edition-mittel-marzipan\/","title":{"rendered":"Rumble59 &#8211; Barbershop &#8211; Spezial Edition &#8211; mittel &#8211; Marzipan"},"content":{"rendered":"<p>Diese kn\u00fcppelharte Special Edition Schmiere entspringt dem neusten Streich des Schmiere-Rabens: Die Er\u00f6ffnung eines Barbershops direkt auf&#8217;m Kiez. Die drei gefiederten Gef\u00e4hrten Chester, Steve und Bob f\u00fchren das traditionsreiche Gesch\u00e4ft durch ihre fingerfertige Leidenschaft, die Basis f\u00fcr Beruf und Nebengewerbe ist. Chester ist der Kopf der Bande und h\u00e4lt die F\u00e4den in der Hand. Lass Dich fachgere<span class=\"text_exposed_show\">cht verw\u00f6hnen in Chesters Barbershop, doch sei auf der Hut: Auch Du k\u00f6nntest bald Spielball in einem der Meisterstreiche des Trios werden.<\/span><\/p>\n<p><span class=\"text_exposed_show\"><strong>Extra starkes 50s Styling mit der Barbershop Schmiere kn\u00fcppelhart.<\/strong><br \/>\nBob the Earcutter begann seine Karriere als Messerwerfer. Nachdem das eine oder andere Ohr seiner Assistentinnen dran glauben musste, wurde ihm nahegelegt, sein Handwerk zu wechseln. Eines Morgens torkelte er aus einer Bar und landete vor Chesters Barbershop. Er bestaunte nur kurz die Auslage an Schneidwerkzeug und hatte Minuten sp\u00e4ter einen neuen Job in der Tasche. Die Pr\u00e4sentation seiner angetrunkenen F\u00e4higkeiten \u00fcberzeugte sofort. Von da an hatte Bob f\u00fcr den Tagesjob immer ein Fl\u00e4schchen Devils Booze parat &#8211; Bei seinen Nebenjobs waren blutige Nebenwirkungen gerne gesehen.<\/p>\n<p>Tipps und Tricks:<br \/>\nDie &#8222;Schmiere &#8211; Pomade kn\u00fcppelhart&#8220; eignet sich ideal, um auch widerspenstiges oder dickes Haar zu einer perfekten Tolle zu formen. Einmal auf das Haar aufgetragen, h\u00e4lt sie den ganzen Tag ohne durchzutrocknen und sorgt daf\u00fcr, dass das Haar sitzt und trotzdem flexibel bleibt. Anf\u00e4nger werden sich wahrscheinlich schwer tun, die Pomade in den Haaren zu verteilen. Bei festen Pomaden ist man als Anf\u00e4nger schnell frustriert, denn die z\u00e4he Masse klebt an den Fingern vergleichbar mit Kleister. Sie l\u00e4\u00dft sich so auch nur schwer im Haar verteilen. Tipp: Feste Pomade vorher mit einem F\u00f6n leicht anw\u00e4rmen. Zum Stylen nimmt man einen Finger voll Pomade (bei d\u00fcnnem Haar) oder zwei Finger voll (bei dickem, welligem Haar) und verteilt die Pomade so auf den Handfl\u00e4chen. Am Anfang gilt: Weniger ist mehr! Nachschmieren kann man immer noch. Jetzt streicht man mit den H\u00e4nden \u00fcber das Haar oder f\u00e4hrt mit den Fingern zwischen den Haaren durch. Zum Schluss, wenn die Pomade wieder fester wird, das Haar mit einem Kamm in die gew\u00fcnschte Form bringen.<\/p>\n<p>Die kn\u00fcppelharte Schmiere Pomade der<br \/>\nSpecial Edition Barbershop im \u00dcberblick:<\/p>\n<p>extra starken Halt<br \/>\nFarbe: hellblau<br \/>\nDuft: Lavendel<br \/>\nMenge: 140 ml<br \/>\nComic-Faltblatt &#8222;How to use Schmiere&#8220;<\/span><\/p>\n","protected":false},"excerpt":{"rendered":"<p><span class=\"text_exposed_show\">Die Special Edition Barbershop Pomade kn\u00fcppelhart von Schmiere gibt einen extra starken Halt, ist hellblau und riecht nach Lavendel. Eine kleine Prise der Provence ist verantwortlich f\u00fcr diesen himmlischen Geruch. Die bedruckte Blechdose ist detailverliebt und beherbergt einen Inhalt von 140 ml. Nat\u00fcrlich ist auch diese Sorte von Schmiere &#8222;made in Germany&#8220;. Die Schmiere Pomade Barbershop kn\u00fcppelhart ist einzeln, aber auch in einem tollen 3er Set erh\u00e4ltlich &#8211; zusammen mit einer coolen Rabenfigur als Wobbler.<br \/>\n<\/span><\/p>\n","protected":false},"featured_media":211,"comment_status":"open","ping_status":"closed","template":"","meta":{"_et_pb_use_builder":"","_et_pb_old_content":"","_et_gb_content_width":""},"product_brand":[],"product_cat":[19,18,20],"product_tag":[],"class_list":{"0":"post-99","1":"product","2":"type-product","3":"status-publish","4":"has-post-thumbnail","6":"product_cat-mittel","7":"product_cat-pomade","8":"product_cat-rumble-59","10":"first","11":"instock","12":"shipping-taxable","13":"product-type-grouped"},"_links":{"self":[{"href":"https:\/\/schnip-schnap.ch\/index.php\/wp-json\/wp\/v2\/product\/99","targetHints":{"allow":["GET"]}}],"collection":[{"href":"https:\/\/schnip-schnap.ch\/index.php\/wp-json\/wp\/v2\/product"}],"about":[{"href":"https:\/\/schnip-schnap.ch\/index.php\/wp-json\/wp\/v2\/types\/product"}],"replies":[{"embeddable":true,"href":"https:\/\/schnip-schnap.ch\/index.php\/wp-json\/wp\/v2\/comments?post=99"}],"wp:featuredmedia":[{"embeddable":true,"href":"https:\/\/schnip-schnap.ch\/index.php\/wp-json\/wp\/v2\/media\/211"}],"wp:attachment":[{"href":"https:\/\/schnip-schnap.ch\/index.php\/wp-json\/wp\/v2\/media?parent=99"}],"wp:term":[{"taxonomy":"product_brand","embeddable":true,"href":"https:\/\/schnip-schnap.ch\/index.php\/wp-json\/wp\/v2\/product_brand?post=99"},{"taxonomy":"product_cat","embeddable":true,"href":"https:\/\/schnip-schnap.ch\/index.php\/wp-json\/wp\/v2\/product_cat?post=99"},{"taxonomy":"product_tag","embeddable":true,"href":"https:\/\/schnip-schnap.ch\/index.php\/wp-json\/wp\/v2\/product_tag?post=99"}],"curies":[{"name":"wp","href":"https:\/\/api.w.org\/{rel}","templated":true}]}}